{"id":17731,"date":"2024-04-19T11:06:52","date_gmt":"2024-04-19T10:06:52","guid":{"rendered":"https:\/\/de-park.com\/impressum\/"},"modified":"2024-04-19T11:06:52","modified_gmt":"2024-04-19T10:06:52","slug":"impressum","status":"publish","type":"page","link":"https:\/\/de-park.com\/it\/impressum\/","title":{"rendered":"Impressum"},"content":{"rendered":"\t\t<div data-elementor-type=\"wp-post\" data-elementor-id=\"17731\" class=\"elementor elementor-17731 elementor-941\" data-elementor-post-type=\"page\">\n\t\t\t\t\t\t<section class=\"elementor-section elementor-top-section elementor-element elementor-element-fc1d6f3 elementor-section-boxed elementor-section-height-default elementor-section-height-default\" data-id=\"fc1d6f3\" data-element_type=\"section\" data-e-type=\"section\">\n\t\t\t\t\t\t<div class=\"elementor-container elementor-column-gap-default\">\n\t\t\t\t\t<div class=\"elementor-column elementor-col-100 elementor-top-column elementor-element elementor-element-4195b30\" data-id=\"4195b30\" data-element_type=\"column\" data-e-type=\"column\">\n\t\t\t<div class=\"elementor-widget-wrap elementor-element-populated\">\n\t\t\t\t\t\t<div class=\"elementor-element elementor-element-f770f89 elementor-widget elementor-widget-heading\" data-id=\"f770f89\" data-element_type=\"widget\" data-e-type=\"widget\" data-widget_type=\"heading.default\">\n\t\t\t\t<div class=\"elementor-widget-container\">\n\t\t\t\t\t<h2 class=\"elementor-heading-title elementor-size-default\"><h2 class=\"elementor-heading-title elementor-size-default elementor-inline-editing pen\" data-elementor-setting-key=\"title\" data-pen-placeholder=\"Eingabe hier...\" style=\"font-weight: var( --e-global-typography-primary-font-weight );font-family: var( --e-global-typography-primary-font-family ), Sans-serif\">IMPRESSUM<\/h2><\/h2>\t\t\t\t<\/div>\n\t\t\t\t<\/div>\n\t\t\t\t<div class=\"elementor-element elementor-element-a8b1a71 elementor-widget elementor-widget-text-editor\" data-id=\"a8b1a71\" data-element_type=\"widget\" data-e-type=\"widget\" data-widget_type=\"text-editor.default\">\n\t\t\t\t<div class=\"elementor-widget-container\">\n\t\t\t\t\t\t\t\t\t<p>DE-PARK Investment GmbH<br>Zschortauer Str. 76<br>04129 Leipzig<br>Deutschland<\/p>\n<p>Telefon:<br>+49 (0)341 60016-600<\/p>\n<p>Telefax:<br>+49 (0) 341 60016-602<\/p>\n<p>E-Mail:<br>info@de-park.com<\/p>\n<p>Gesch\u00e4ftsf\u00fchrer: Eitan Hozainov, Elad Hozainov<br><br>Die DE-PARK Investment GmbH ist im Handelsregister des Amtsgerichts Leipzig unter der Nummer HRB 35391 eingetragen.&nbsp;<br><br>Die Umsatzsteueridentifikationsnummer der DE-PARK Investment GmbH lautet: DE 299114024.&nbsp;<br><\/p>\t\t\t\t\t\t\t\t<\/div>\n\t\t\t\t<\/div>\n\t\t\t\t\t<\/div>\n\t\t<\/div>\n\t\t\t\t\t<\/div>\n\t\t<\/section>\n\t\t\t\t<section class=\"elementor-section elementor-top-section elementor-element elementor-element-7b89f2e4 elementor-section-boxed elementor-section-height-default elementor-section-height-default\" data-id=\"7b89f2e4\" data-element_type=\"section\" data-e-type=\"section\">\n\t\t\t\t\t\t<div class=\"elementor-container elementor-column-gap-default\">\n\t\t\t\t\t<div class=\"elementor-column elementor-col-50 elementor-top-column elementor-element elementor-element-52384efd\" data-id=\"52384efd\" data-element_type=\"column\" data-e-type=\"column\">\n\t\t\t<div class=\"elementor-widget-wrap elementor-element-populated\">\n\t\t\t\t\t\t<div class=\"elementor-element elementor-element-8c5b390 elementor-widget elementor-widget-text-editor\" data-id=\"8c5b390\" data-element_type=\"widget\" data-e-type=\"widget\" data-widget_type=\"text-editor.default\">\n\t\t\t\t<div class=\"elementor-widget-container\">\n\t\t\t\t\t\t\t\t\t<p><strong>Allgemeine Nutzungsbedingungen<\/strong><\/p>\n<p>Die DE-PARK Investment GmbH bem\u00fcht sich im Rahmen des Zumutbaren, auf dieser Website richtige und vollst\u00e4ndige Informationen zur Verf\u00fcgung zu stellen. DE-PARK Investment GmbH \u00fcbernimmt jedoch keine Haftung oder Garantie f\u00fcr die Aktualit\u00e4t, Richtigkeit und Vollst\u00e4ndigkeit der auf dieser Website bereitgestellten Informationen. Dies gilt auch f\u00fcr alle Verbindungen (&#8220;Links&#8221;), auf die diese Website direkt oder indirekt verweist. DE-PARK Investment GmbH ist f\u00fcr den Inhalt einer Seite, die mit einem solchen Link erreicht wird, nicht verantwortlich. DE-PARK Investment GmbH beh\u00e4lt sich das Recht vor, ohne vorherige Ank\u00fcndigung \u00c4nderungen oder Erg\u00e4nzungen der bereitgestellten Informationen vorzunehmen.<\/p>\n<\/p>\n<p>\u00a9 Copyright 2023 DE-PARK Investments GmbH &#8211; All rights reserved.<\/p>\n<p>Der Inhalt und Gestaltung, darunter Bilder, Zeichnungen, und Videos dieser Website sind durch das Urheberrecht und andere geistige Eigentumsrechte gesch\u00fctzt. Die DE-PARK Investment GmbH ist der alleinige Eigent\u00fcmer der Inhalte, der Materialien und der Informationen auf dieser Website oder hat die Erlaubnis des rechtm\u00e4\u00dfigen Inhabers, diese zu nutzen. Alle Rechte sind vorbehalten.<\/p>\n<p>Wir k\u00f6nnen keine Haftung f\u00fcr die Verletzung von Rechten an geistigem Eigentum Dritter oder anderer gesetzlicher oder Eigentumsrechte aufgrund der Nutzung unserer Website \u00fcbernehmen. Die DE-PARK Investment GmbH gew\u00e4hrt nur das Recht, die auf dieser Website dargestellten Bilder oder Bilder ganz oder teilweise nur f\u00fcr den privaten Gebrauch zu speichern oder zu kopieren, wobei die Quelle des Materials und\/oder der Informationen eindeutig zu kennzeichnen ist. Es ist verboten, Urheberrechtsvermerke und \/ oder Markennamen und \/ oder andere Inhaltsinformationen zu \u00e4ndern oder zu entfernen. Sie d\u00fcrfen ohne vorherige schriftliche Zustimmung der DE-PARK Investment GmbH nicht kommerziell genutzt werden. Insbesondere darf der Nutzer die Texte, das Bildmaterial und die Grafiken nicht nutzen, um f\u00fcr andere Websites, Dienste oder gewerbliche Angebote Werbung zu treiben.DE-PARK Investment GmbH haftet nicht f\u00fcr direkte oder indirekte Sch\u00e4den, einschlie\u00dflich <\/p>\n<p>entgangenen Gewinns, die aufgrund von oder sonst wie in Verbindung mit Informationen entstehen, die auf dieser Website bereitgehalten werden. <br \/>Es ist verboten, diese Website oder den Inhalt \u00fcber einen Hyperlink in einem Teilfenster (Frame) zu integrieren, zu verlinken oder anzuzeigen.<\/p>\n<p>Wir weisen darauf hin, dass die Daten\u00fcbertragung im Internet (z. B. bei der Kommunikation per E-Mail) Sicherheitsl\u00fccken aufweisen kann. Ein l\u00fcckenloser Schutz der Daten vor dem Zugriff durch Dritte ist nicht m\u00f6glich. Der Nutzung von im Rahmen der Impressumspflicht ver\u00f6ffentlichten Kontaktdaten durch Dritte zur \u00dcbersendung von nicht ausdr\u00fccklich angeforderter Werbung und Informationsmaterialien wird hiermit ausdr\u00fccklich widersprochen. DE-PARK Investment GmbH beh\u00e4lt sich ausdr\u00fccklich rechtliche Schritte im Falle der unverlangten Zusendung von Werbeinformationen, etwa durch Spam-Mails, vor.<\/p>\n<p>Mit dem Zugriff auf unsere Website erkennt der Nutzer die vorstehenden Bedingungen und Haftungsausschl\u00fcsse an.<\/p>\n\t\t\t\t\t\t\t\t<\/div>\n\t\t\t\t<\/div>\n\t\t\t\t\t<\/div>\n\t\t<\/div>\n\t\t\t\t<div class=\"elementor-column elementor-col-50 elementor-top-column elementor-element elementor-element-e913a19\" data-id=\"e913a19\" data-element_type=\"column\" data-e-type=\"column\">\n\t\t\t<div class=\"elementor-widget-wrap elementor-element-populated\">\n\t\t\t\t\t\t<div class=\"elementor-element elementor-element-b8434bf elementor-widget elementor-widget-text-editor\" data-id=\"b8434bf\" data-element_type=\"widget\" data-e-type=\"widget\" data-widget_type=\"text-editor.default\">\n\t\t\t\t<div class=\"elementor-widget-container\">\n\t\t\t\t\t\t\t\t\t<p><strong>Disclaimer<\/strong><\/p>\n<p>DE-PARK Investment GmbH endeavours to ensure that the information provided on this website is both correct and complete. However, DE-PARK Investment GmbH does not guarantee or assume liability for the correctness, completeness, or up-to-dateness of the information provided. This also applies to all direct or indirect links to other websites. DE-PARK Investment GmbH assumes no liability for the content of the websites to which a link is provided. DE-PARK Investment GmbH reserves the right to make changes or additions to the information provided without notice.<\/p>\n<\/p>\n<p>\u00a9 Copyright 2023 DE-PARK Investments GmbH &#8211; All rights reserved.<\/p>\n<\/p>\n<p>The contents, layout, pictures, drawings, videos of this website are protected by copyright and other intellectual property protection. DE-PARK Investment GmbH is the sole owner of the contents, the materials, and the information on this website, and\/or have the permit from the legal owner to use it. All rights reserved.<\/p>\n<p>However, we can accept no responsibility for any infringement of third-party intellectual property rights or other statutory or proprietary rights resulting from the use of our site.<\/p>\n<p>DE-PARK Investment GmbH grants only the right to save or to copy the text, in whole or in part, pictures and images displayed on this website for private use only, with clearly marking the source of the material and\/or the information.<\/p>\n<p>It is forbidden to change or remove copyright notices and\/or brand names and\/or other content information. They may not be used commercially without the prior written consent of DE-PARK Investment GmbH.<\/p>\n<p>In particular, users may not use pictures and\/or images and\/or videos to advertise other websites, services, or commercial offerings. DE-PARK Investment GmbH assumes no liability for direct or indirect losses, including lost profits, arising from or in connection with information provided on this website.<\/p>\n<p>It is forbidden to integrate, link or display this website or the content via a hyperlink in a partial window (frame).<\/p>\n<p> We point out that the data transmission on the Internet (for example, when communicating by e-mail) security holes. A complete protection of data against unauthorized access by third parties is not possible.<\/p>\n<\/p>\n<p>The use of the framework of the imprint obligation published contact data by third parties for the transmission of unsolicited advertising and information materials is strictly prohibited. DE-PARK Investment GmbH reserves the right to legal action in case of unsolicited advertising, such as spam e-mails.<\/p>\n<\/p>\n<p>By accessing and browsing this site, you signify your acknowledgement and acceptance of all terms, conditions, and notices contained or referenced herein. If you do not wish to accept the preceding conditions and this Disclaimer in their entirety, please do not use this site.<\/p>\n\t\t\t\t\t\t\t\t<\/div>\n\t\t\t\t<\/div>\n\t\t\t\t\t<\/div>\n\t\t<\/div>\n\t\t\t\t\t<\/div>\n\t\t<\/section>\n\t\t\t\t<\/div>\n\t\t","protected":false},"excerpt":{"rendered":"<p>IMPRESSUM DE-PARK Investment GmbHZschortauer Str. 7604129 LeipzigDeutschland Telefon:+49 (0)341 60016-600 Telefax:+49 (0) 341 60016-602 E-Mail:info@de-park.com Gesch\u00e4ftsf\u00fchrer: Eitan Hozainov, Elad Hozainov Die DE-PARK Investment GmbH ist im Handelsregister des Amtsgerichts Leipzig unter der Nummer HRB 35391 eingetragen.&nbsp; Die Umsatzsteueridentifikationsnummer der DE-PARK Investment GmbH lautet: DE 299114024.&nbsp; Allgemeine Nutzungsbedingungen Die DE-PARK Investment GmbH bem\u00fcht sich im Rahmen &hellip; <\/p>\n<p class=\"link-more\"><a href=\"https:\/\/de-park.com\/it\/impressum\/\" class=\"more-link\">Leggi tutto<span class=\"screen-reader-text\"> &#8220;Impressum&#8221;<\/span><\/a><\/p>\n","protected":false},"author":2,"featured_media":15813,"parent":0,"menu_order":0,"comment_status":"closed","ping_status":"closed","template":"elementor_header_footer","meta":{"footnotes":""},"class_list":["post-17731","page","type-page","status-publish","has-post-thumbnail","hentry"],"yoast_head":"<!-- This site is optimized with the Yoast SEO plugin v25.6 - https:\/\/yoast.com\/wordpress\/plugins\/seo\/ -->\n<title>DE-PARK \ud83d\ude98 Parksysteme Made in Germany | Impressum<\/title>\n<meta name=\"robots\" content=\"noindex, nofollow\" \/>\n<meta property=\"og:locale\" content=\"it_IT\" \/>\n<meta property=\"og:type\" content=\"article\" \/>\n<meta property=\"og:title\" content=\"DE-PARK \ud83d\ude98 Parksysteme Made in Germany | Impressum\" \/>\n<meta property=\"og:description\" content=\"IMPRESSUM DE-PARK Investment GmbHZschortauer Str. 7604129 LeipzigDeutschland Telefon:+49 (0)341 60016-600 Telefax:+49 (0) 341 60016-602 E-Mail:info@de-park.com Gesch\u00e4ftsf\u00fchrer: Eitan Hozainov, Elad Hozainov Die DE-PARK Investment GmbH ist im Handelsregister des Amtsgerichts Leipzig unter der Nummer HRB 35391 eingetragen.&nbsp; Die Umsatzsteueridentifikationsnummer der DE-PARK Investment GmbH lautet: DE 299114024.&nbsp; Allgemeine Nutzungsbedingungen Die DE-PARK Investment GmbH bem\u00fcht sich im Rahmen &hellip; Leggi tutto &quot;Impressum&quot;\" \/>\n<meta property=\"og:url\" content=\"https:\/\/de-park.com\/it\/impressum\/\" \/>\n<meta property=\"og:site_name\" content=\"DE-PARK\" \/>\n<meta property=\"og:image\" content=\"https:\/\/de-park.com\/wp-content\/uploads\/2018\/12\/Website-Icon-2.png\" \/>\n\t<meta property=\"og:image:width\" content=\"512\" \/>\n\t<meta property=\"og:image:height\" content=\"512\" \/>\n\t<meta property=\"og:image:type\" content=\"image\/png\" \/>\n<meta name=\"twitter:card\" content=\"summary_large_image\" \/>\n<script type=\"application\/ld+json\" class=\"yoast-schema-graph\">{\"@context\":\"https:\/\/schema.org\",\"@graph\":[{\"@type\":\"WebPage\",\"@id\":\"https:\/\/de-park.com\/it\/impressum\/\",\"url\":\"https:\/\/de-park.com\/it\/impressum\/\",\"name\":\"DE-PARK \ud83d\ude98 Parksysteme Made in Germany | Impressum\",\"isPartOf\":{\"@id\":\"https:\/\/de-park.com\/#website\"},\"primaryImageOfPage\":{\"@id\":\"https:\/\/de-park.com\/it\/impressum\/#primaryimage\"},\"image\":{\"@id\":\"https:\/\/de-park.com\/it\/impressum\/#primaryimage\"},\"thumbnailUrl\":\"https:\/\/de-park.com\/wp-content\/uploads\/2018\/12\/Website-Icon-2.png\",\"datePublished\":\"2024-04-19T10:06:52+00:00\",\"breadcrumb\":{\"@id\":\"https:\/\/de-park.com\/it\/impressum\/#breadcrumb\"},\"inLanguage\":\"it-IT\",\"potentialAction\":[{\"@type\":\"ReadAction\",\"target\":[\"https:\/\/de-park.com\/it\/impressum\/\"]}]},{\"@type\":\"ImageObject\",\"inLanguage\":\"it-IT\",\"@id\":\"https:\/\/de-park.com\/it\/impressum\/#primaryimage\",\"url\":\"https:\/\/de-park.com\/wp-content\/uploads\/2018\/12\/Website-Icon-2.png\",\"contentUrl\":\"https:\/\/de-park.com\/wp-content\/uploads\/2018\/12\/Website-Icon-2.png\",\"width\":512,\"height\":512},{\"@type\":\"BreadcrumbList\",\"@id\":\"https:\/\/de-park.com\/it\/impressum\/#breadcrumb\",\"itemListElement\":[{\"@type\":\"ListItem\",\"position\":1,\"name\":\"Home\",\"item\":\"https:\/\/de-park.com\/it\/\"},{\"@type\":\"ListItem\",\"position\":2,\"name\":\"Impressum\"}]},{\"@type\":\"WebSite\",\"@id\":\"https:\/\/de-park.com\/#website\",\"url\":\"https:\/\/de-park.com\/\",\"name\":\"DE-PARK\",\"description\":\"FASZINIEREND. EINFACH. PARKEN.\",\"publisher\":{\"@id\":\"https:\/\/de-park.com\/#organization\"},\"potentialAction\":[{\"@type\":\"SearchAction\",\"target\":{\"@type\":\"EntryPoint\",\"urlTemplate\":\"https:\/\/de-park.com\/?s={search_term_string}\"},\"query-input\":{\"@type\":\"PropertyValueSpecification\",\"valueRequired\":true,\"valueName\":\"search_term_string\"}}],\"inLanguage\":\"it-IT\"},{\"@type\":\"Organization\",\"@id\":\"https:\/\/de-park.com\/#organization\",\"name\":\"DE PARK\",\"url\":\"https:\/\/de-park.com\/\",\"logo\":{\"@type\":\"ImageObject\",\"inLanguage\":\"it-IT\",\"@id\":\"https:\/\/de-park.com\/#\/schema\/logo\/image\/\",\"url\":\"https:\/\/de-park.com\/wp-content\/uploads\/2021\/08\/DE-PARK_Logo_V2020_ohne-Slogan.png\",\"contentUrl\":\"https:\/\/de-park.com\/wp-content\/uploads\/2021\/08\/DE-PARK_Logo_V2020_ohne-Slogan.png\",\"width\":1311,\"height\":663,\"caption\":\"DE PARK\"},\"image\":{\"@id\":\"https:\/\/de-park.com\/#\/schema\/logo\/image\/\"}}]}<\/script>\n<!-- \/ Yoast SEO plugin. -->","yoast_head_json":{"title":"DE-PARK \ud83d\ude98 Parksysteme Made in Germany | Impressum","robots":{"index":"noindex","follow":"nofollow"},"og_locale":"it_IT","og_type":"article","og_title":"DE-PARK \ud83d\ude98 Parksysteme Made in Germany | Impressum","og_description":"IMPRESSUM DE-PARK Investment GmbHZschortauer Str. 7604129 LeipzigDeutschland Telefon:+49 (0)341 60016-600 Telefax:+49 (0) 341 60016-602 E-Mail:info@de-park.com Gesch\u00e4ftsf\u00fchrer: Eitan Hozainov, Elad Hozainov Die DE-PARK Investment GmbH ist im Handelsregister des Amtsgerichts Leipzig unter der Nummer HRB 35391 eingetragen.&nbsp; Die Umsatzsteueridentifikationsnummer der DE-PARK Investment GmbH lautet: DE 299114024.&nbsp; Allgemeine Nutzungsbedingungen Die DE-PARK Investment GmbH bem\u00fcht sich im Rahmen &hellip; Leggi tutto \"Impressum\"","og_url":"https:\/\/de-park.com\/it\/impressum\/","og_site_name":"DE-PARK","og_image":[{"width":512,"height":512,"url":"https:\/\/de-park.com\/wp-content\/uploads\/2018\/12\/Website-Icon-2.png","type":"image\/png"}],"twitter_card":"summary_large_image","schema":{"@context":"https:\/\/schema.org","@graph":[{"@type":"WebPage","@id":"https:\/\/de-park.com\/it\/impressum\/","url":"https:\/\/de-park.com\/it\/impressum\/","name":"DE-PARK \ud83d\ude98 Parksysteme Made in Germany | Impressum","isPartOf":{"@id":"https:\/\/de-park.com\/#website"},"primaryImageOfPage":{"@id":"https:\/\/de-park.com\/it\/impressum\/#primaryimage"},"image":{"@id":"https:\/\/de-park.com\/it\/impressum\/#primaryimage"},"thumbnailUrl":"https:\/\/de-park.com\/wp-content\/uploads\/2018\/12\/Website-Icon-2.png","datePublished":"2024-04-19T10:06:52+00:00","breadcrumb":{"@id":"https:\/\/de-park.com\/it\/impressum\/#breadcrumb"},"inLanguage":"it-IT","potentialAction":[{"@type":"ReadAction","target":["https:\/\/de-park.com\/it\/impressum\/"]}]},{"@type":"ImageObject","inLanguage":"it-IT","@id":"https:\/\/de-park.com\/it\/impressum\/#primaryimage","url":"https:\/\/de-park.com\/wp-content\/uploads\/2018\/12\/Website-Icon-2.png","contentUrl":"https:\/\/de-park.com\/wp-content\/uploads\/2018\/12\/Website-Icon-2.png","width":512,"height":512},{"@type":"BreadcrumbList","@id":"https:\/\/de-park.com\/it\/impressum\/#breadcrumb","itemListElement":[{"@type":"ListItem","position":1,"name":"Home","item":"https:\/\/de-park.com\/it\/"},{"@type":"ListItem","position":2,"name":"Impressum"}]},{"@type":"WebSite","@id":"https:\/\/de-park.com\/#website","url":"https:\/\/de-park.com\/","name":"DE-PARK","description":"FASZINIEREND. EINFACH. PARKEN.","publisher":{"@id":"https:\/\/de-park.com\/#organization"},"potentialAction":[{"@type":"SearchAction","target":{"@type":"EntryPoint","urlTemplate":"https:\/\/de-park.com\/?s={search_term_string}"},"query-input":{"@type":"PropertyValueSpecification","valueRequired":true,"valueName":"search_term_string"}}],"inLanguage":"it-IT"},{"@type":"Organization","@id":"https:\/\/de-park.com\/#organization","name":"DE PARK","url":"https:\/\/de-park.com\/","logo":{"@type":"ImageObject","inLanguage":"it-IT","@id":"https:\/\/de-park.com\/#\/schema\/logo\/image\/","url":"https:\/\/de-park.com\/wp-content\/uploads\/2021\/08\/DE-PARK_Logo_V2020_ohne-Slogan.png","contentUrl":"https:\/\/de-park.com\/wp-content\/uploads\/2021\/08\/DE-PARK_Logo_V2020_ohne-Slogan.png","width":1311,"height":663,"caption":"DE PARK"},"image":{"@id":"https:\/\/de-park.com\/#\/schema\/logo\/image\/"}}]}},"_links":{"self":[{"href":"https:\/\/de-park.com\/it\/wp-json\/wp\/v2\/pages\/17731"}],"collection":[{"href":"https:\/\/de-park.com\/it\/wp-json\/wp\/v2\/pages"}],"about":[{"href":"https:\/\/de-park.com\/it\/wp-json\/wp\/v2\/types\/page"}],"author":[{"embeddable":true,"href":"https:\/\/de-park.com\/it\/wp-json\/wp\/v2\/users\/2"}],"replies":[{"embeddable":true,"href":"https:\/\/de-park.com\/it\/wp-json\/wp\/v2\/comments?post=17731"}],"version-history":[{"count":3,"href":"https:\/\/de-park.com\/it\/wp-json\/wp\/v2\/pages\/17731\/revisions"}],"predecessor-version":[{"id":17734,"href":"https:\/\/de-park.com\/it\/wp-json\/wp\/v2\/pages\/17731\/revisions\/17734"}],"wp:featuredmedia":[{"embeddable":true,"href":"https:\/\/de-park.com\/it\/wp-json\/wp\/v2\/media\/15813"}],"wp:attachment":[{"href":"https:\/\/de-park.com\/it\/wp-json\/wp\/v2\/media?parent=17731"}],"curies":[{"name":"wp","href":"https:\/\/api.w.org\/{rel}","templated":true}]}}