{"id":12358,"date":"2022-11-23T14:10:55","date_gmt":"2022-11-23T13:10:55","guid":{"rendered":"https:\/\/de-park.com\/a-propos-de-de-park\/"},"modified":"2024-03-14T10:07:51","modified_gmt":"2024-03-14T09:07:51","slug":"a-propos-de-de-park","status":"publish","type":"page","link":"https:\/\/de-park.com\/fr\/a-propos-de-de-park\/","title":{"rendered":"\u00c0 propos de DE-PARK"},"content":{"rendered":"\t\t<div data-elementor-type=\"wp-post\" data-elementor-id=\"12358\" class=\"elementor elementor-12358 elementor-755\" data-elementor-post-type=\"page\">\n\t\t\t\t\t\t<section class=\"elementor-section elementor-top-section elementor-element elementor-element-65be3f73 elementor-section-content-middle elementor-reverse-mobile elementor-section-boxed elementor-section-height-default elementor-section-height-default\" data-id=\"65be3f73\" data-element_type=\"section\" data-e-type=\"section\">\n\t\t\t\t\t\t<div class=\"elementor-container elementor-column-gap-default\">\n\t\t\t\t\t<div class=\"elementor-column elementor-col-100 elementor-top-column elementor-element elementor-element-316c463a\" data-id=\"316c463a\" data-element_type=\"column\" data-e-type=\"column\" data-settings=\"{&quot;background_background&quot;:&quot;classic&quot;}\">\n\t\t\t<div class=\"elementor-widget-wrap elementor-element-populated\">\n\t\t\t\t\t\t<section class=\"elementor-section elementor-inner-section elementor-element elementor-element-7f1abfd elementor-section-boxed elementor-section-height-default elementor-section-height-default\" data-id=\"7f1abfd\" data-element_type=\"section\" data-e-type=\"section\">\n\t\t\t\t\t\t<div class=\"elementor-container elementor-column-gap-default\">\n\t\t\t\t\t<div class=\"elementor-column elementor-col-50 elementor-inner-column elementor-element elementor-element-1b79759c\" data-id=\"1b79759c\" data-element_type=\"column\" data-e-type=\"column\">\n\t\t\t<div class=\"elementor-widget-wrap elementor-element-populated\">\n\t\t\t\t\t\t<div class=\"elementor-element elementor-element-704835df elementor-widget elementor-widget-spacer\" data-id=\"704835df\" data-element_type=\"widget\" data-e-type=\"widget\" data-widget_type=\"spacer.default\">\n\t\t\t\t<div class=\"elementor-widget-container\">\n\t\t\t\t\t\t\t<div class=\"elementor-spacer\">\n\t\t\t<div class=\"elementor-spacer-inner\"><\/div>\n\t\t<\/div>\n\t\t\t\t\t\t<\/div>\n\t\t\t\t<\/div>\n\t\t\t\t\t<\/div>\n\t\t<\/div>\n\t\t\t\t<div class=\"elementor-column elementor-col-50 elementor-inner-column elementor-element elementor-element-e435017\" data-id=\"e435017\" data-element_type=\"column\" data-e-type=\"column\">\n\t\t\t<div class=\"elementor-widget-wrap elementor-element-populated\">\n\t\t\t\t\t\t<div class=\"elementor-element elementor-element-2086ad8 elementor-widget elementor-widget-text-editor\" data-id=\"2086ad8\" data-element_type=\"widget\" data-e-type=\"widget\" data-widget_type=\"text-editor.default\">\n\t\t\t\t<div class=\"elementor-widget-container\">\n\t\t\t\t\t\t\t\t\t<p>DE-PARK<\/p>\n\t\t\t\t\t\t\t\t<\/div>\n\t\t\t\t<\/div>\n\t\t\t\t<div class=\"elementor-element elementor-element-97d57ea elementor-widget-divider--view-line elementor-widget elementor-widget-divider\" data-id=\"97d57ea\" data-element_type=\"widget\" data-e-type=\"widget\" data-widget_type=\"divider.default\">\n\t\t\t\t<div class=\"elementor-widget-container\">\n\t\t\t\t\t\t\t<div class=\"elementor-divider\">\n\t\t\t<span class=\"elementor-divider-separator\">\n\t\t\t\t\t\t<\/span>\n\t\t<\/div>\n\t\t\t\t\t\t<\/div>\n\t\t\t\t<\/div>\n\t\t\t\t<div class=\"elementor-element elementor-element-85de226 elementor-widget elementor-widget-text-editor\" data-id=\"85de226\" data-element_type=\"widget\" data-e-type=\"widget\" data-widget_type=\"text-editor.default\">\n\t\t\t\t<div class=\"elementor-widget-container\">\n\t\t\t\t\t\t\t\t\t<p>FABRICANTS <br \/>DE SYST\u00c8MES DE PARKING<\/p>\n\t\t\t\t\t\t\t\t<\/div>\n\t\t\t\t<\/div>\n\t\t\t\t\t<\/div>\n\t\t<\/div>\n\t\t\t\t\t<\/div>\n\t\t<\/section>\n\t\t\t\t\t<\/div>\n\t\t<\/div>\n\t\t\t\t\t<\/div>\n\t\t<\/section>\n\t\t\t\t<section class=\"elementor-section elementor-top-section elementor-element elementor-element-b543c8b elementor-section-boxed elementor-section-height-default elementor-section-height-default\" data-id=\"b543c8b\" data-element_type=\"section\" data-e-type=\"section\">\n\t\t\t\t\t\t<div class=\"elementor-container elementor-column-gap-wider\">\n\t\t\t\t\t<div class=\"elementor-column elementor-col-50 elementor-top-column elementor-element elementor-element-9d82b39\" data-id=\"9d82b39\" data-element_type=\"column\" data-e-type=\"column\">\n\t\t\t<div class=\"elementor-widget-wrap elementor-element-populated\">\n\t\t\t\t\t\t<div class=\"elementor-element elementor-element-26c40a6 elementor-widget elementor-widget-heading\" data-id=\"26c40a6\" data-element_type=\"widget\" data-e-type=\"widget\" data-widget_type=\"heading.default\">\n\t\t\t\t<div class=\"elementor-widget-container\">\n\t\t\t\t\t<h2 class=\"elementor-heading-title elementor-size-default\">VISION<\/h2>\t\t\t\t<\/div>\n\t\t\t\t<\/div>\n\t\t\t\t<div class=\"elementor-element elementor-element-f288e8c elementor-widget elementor-widget-text-editor\" data-id=\"f288e8c\" data-element_type=\"widget\" data-e-type=\"widget\" data-widget_type=\"text-editor.default\">\n\t\t\t\t<div class=\"elementor-widget-container\">\n\t\t\t\t\t\t\t\t\t<h1>D\u00e9velopper et fabriquer des syst\u00e8mes de parking automobile : Pour chaque domaine d&rsquo;application, une finition de haute qualit\u00e9, une planification et un montage simples, une adaptation \u00e0 presque toutes les exigences en mati\u00e8re de construction, un fonctionnement s\u00fbr et fiable, avec un certain confort en plus. <br \/>C&rsquo;est avec cette vision et sur la base d&rsquo;une longue exp\u00e9rience qu&rsquo;une \u00e9quipe exp\u00e9riment\u00e9e dans le secteur s&rsquo;est unie.&nbsp;<\/h1>\n\t\t\t\t\t\t\t\t<\/div>\n\t\t\t\t<\/div>\n\t\t\t\t\t<\/div>\n\t\t<\/div>\n\t\t\t\t<div class=\"elementor-column elementor-col-50 elementor-top-column elementor-element elementor-element-080faa4\" data-id=\"080faa4\" data-element_type=\"column\" data-e-type=\"column\">\n\t\t\t<div class=\"elementor-widget-wrap elementor-element-populated\">\n\t\t\t\t\t\t<div class=\"elementor-element elementor-element-0a16139 elementor-widget elementor-widget-heading\" data-id=\"0a16139\" data-element_type=\"widget\" data-e-type=\"widget\" data-widget_type=\"heading.default\">\n\t\t\t\t<div class=\"elementor-widget-container\">\n\t\t\t\t\t<h2 class=\"elementor-heading-title elementor-size-default\">MISSION<\/h2>\t\t\t\t<\/div>\n\t\t\t\t<\/div>\n\t\t\t\t<div class=\"elementor-element elementor-element-e612603 elementor-widget elementor-widget-text-editor\" data-id=\"e612603\" data-element_type=\"widget\" data-e-type=\"widget\" data-widget_type=\"text-editor.default\">\n\t\t\t\t<div class=\"elementor-widget-container\">\n\t\t\t\t\t\t\t\t\t<h1 style=\"color: #7a7a7a; letter-spacing: 0.8px;\">Des ing\u00e9nieurs avec plus de 15 ans d&rsquo;exp\u00e9rience dans le d\u00e9veloppement et la fabrication de syst\u00e8mes de parking automobile ont cr\u00e9\u00e9 une gamme de produits avec des solutions de parking innovantes de nouvelle g\u00e9n\u00e9ration.n.<br \/>Des concepts de parking d&rsquo;avenir pour plus de s\u00e9curit\u00e9, plus d&rsquo;efficacit\u00e9 et surtout plus de convivialit\u00e9. Nos interlocuteurs commerciaux vous offrent un conseil comp\u00e9tent et professionnel. Car votre satisfaction est notre exigence. <\/h1>\n\t\t\t\t\t\t\t\t<\/div>\n\t\t\t\t<\/div>\n\t\t\t\t\t<\/div>\n\t\t<\/div>\n\t\t\t\t\t<\/div>\n\t\t<\/section>\n\t\t\t\t<section class=\"elementor-section elementor-top-section elementor-element elementor-element-5b9623e0 elementor-section-boxed elementor-section-height-default elementor-section-height-default\" data-id=\"5b9623e0\" data-element_type=\"section\" data-e-type=\"section\">\n\t\t\t\t\t\t<div class=\"elementor-container elementor-column-gap-default\">\n\t\t\t\t\t<div class=\"elementor-column elementor-col-50 elementor-top-column elementor-element elementor-element-6bd073d\" data-id=\"6bd073d\" data-element_type=\"column\" data-e-type=\"column\" data-settings=\"{&quot;background_background&quot;:&quot;classic&quot;}\">\n\t\t\t<div class=\"elementor-widget-wrap elementor-element-populated\">\n\t\t\t\t\t\t<div class=\"elementor-element elementor-element-1cac8599 elementor-widget elementor-widget-spacer\" data-id=\"1cac8599\" data-element_type=\"widget\" data-e-type=\"widget\" data-widget_type=\"spacer.default\">\n\t\t\t\t<div class=\"elementor-widget-container\">\n\t\t\t\t\t\t\t<div class=\"elementor-spacer\">\n\t\t\t<div class=\"elementor-spacer-inner\"><\/div>\n\t\t<\/div>\n\t\t\t\t\t\t<\/div>\n\t\t\t\t<\/div>\n\t\t\t\t\t<\/div>\n\t\t<\/div>\n\t\t\t\t<div class=\"elementor-column elementor-col-50 elementor-top-column elementor-element elementor-element-287bfc70\" data-id=\"287bfc70\" data-element_type=\"column\" data-e-type=\"column\" data-settings=\"{&quot;background_background&quot;:&quot;classic&quot;}\">\n\t\t\t<div class=\"elementor-widget-wrap elementor-element-populated\">\n\t\t\t\t\t\t<div class=\"elementor-element elementor-element-4aa95702 elementor-widget elementor-widget-heading\" data-id=\"4aa95702\" data-element_type=\"widget\" data-e-type=\"widget\" data-widget_type=\"heading.default\">\n\t\t\t\t<div class=\"elementor-widget-container\">\n\t\t\t\t\t<h2 class=\"elementor-heading-title elementor-size-default\">ING\u00c9NIERIE<\/h2>\t\t\t\t<\/div>\n\t\t\t\t<\/div>\n\t\t\t\t<div class=\"elementor-element elementor-element-64a127b2 elementor-widget elementor-widget-text-editor\" data-id=\"64a127b2\" data-element_type=\"widget\" data-e-type=\"widget\" data-widget_type=\"text-editor.default\">\n\t\t\t\t<div class=\"elementor-widget-container\">\n\t\t\t\t\t\t\t\t\t<p>Notre \u00e9quipe d&rsquo;ing\u00e9nieurs exp\u00e9riment\u00e9s cr\u00e9e des solutions de stationnement innovantes pour simplifier votre planification et maximiser le confort de stationnement pour l&rsquo;utilisateur. Notre \u00e9quipe d&rsquo;ing\u00e9nieurs est pr\u00eate \u00e0 relever tous les d\u00e9fis ; nous avons la solution qu&rsquo;il vous faut. Nous proposons des solutions durables et sur mesure, telles que des plateformes pr\u00e9par\u00e9es pour la technologie de recharge des v\u00e9hicules \u00e9lectriques Pour ce faire, nous misons sur une technique \u00e9prouv\u00e9e, combin\u00e9e \u00e0 une construction et un \u00e9quipement innovants. Nous nous occupons de th\u00e8mes durables, comme par exemple la technique de charge pour les v\u00e9hicules \u00e9lectriques. Nous tenons \u00e9galement compte des souhaits individuels de nos clients.<\/p>\n\t\t\t\t\t\t\t\t<\/div>\n\t\t\t\t<\/div>\n\t\t\t\t\t<\/div>\n\t\t<\/div>\n\t\t\t\t\t<\/div>\n\t\t<\/section>\n\t\t\t\t<section class=\"elementor-section elementor-top-section elementor-element elementor-element-14c93728 elementor-reverse-mobile elementor-section-boxed elementor-section-height-default elementor-section-height-default\" data-id=\"14c93728\" data-element_type=\"section\" data-e-type=\"section\">\n\t\t\t\t\t\t<div class=\"elementor-container elementor-column-gap-default\">\n\t\t\t\t\t<div class=\"elementor-column elementor-col-50 elementor-top-column elementor-element elementor-element-d948656\" data-id=\"d948656\" data-element_type=\"column\" data-e-type=\"column\" data-settings=\"{&quot;background_background&quot;:&quot;classic&quot;}\">\n\t\t\t<div class=\"elementor-widget-wrap elementor-element-populated\">\n\t\t\t\t\t\t<div class=\"elementor-element elementor-element-3dc802c9 elementor-widget elementor-widget-heading\" data-id=\"3dc802c9\" data-element_type=\"widget\" data-e-type=\"widget\" data-widget_type=\"heading.default\">\n\t\t\t\t<div class=\"elementor-widget-container\">\n\t\t\t\t\t<h2 class=\"elementor-heading-title elementor-size-default\">FABRIQU\u00c9 EN ALLEMAGNE<\/h2>\t\t\t\t<\/div>\n\t\t\t\t<\/div>\n\t\t\t\t<div class=\"elementor-element elementor-element-381a200 elementor-widget elementor-widget-text-editor\" data-id=\"381a200\" data-element_type=\"widget\" data-e-type=\"widget\" data-widget_type=\"text-editor.default\">\n\t\t\t\t<div class=\"elementor-widget-container\">\n\t\t\t\t\t\t\t\t\t<p>La production de nos syst\u00e8mes et composants a lieu en Allemagne afin de r\u00e9pondre aux exigences de qualit\u00e9 maximales de nos produits. Nous coop\u00e9rons avec des fabricants renomm\u00e9s et r\u00e9put\u00e9s qui disposent des comp\u00e9tences cl\u00e9s correspondantes dans les diff\u00e9rents processus de production. Le pr\u00e9-assemblage et le contr\u00f4le qualit\u00e9 sont effectu\u00e9s dans notre usine de production \u00e0 Leipzig. Aucun syst\u00e8me ne quitte la ferme avant d&rsquo;avoir \u00e9t\u00e9 test\u00e9 sous toutes les coutures en vue de son installation chez vous.<\/p>\n\t\t\t\t\t\t\t\t<\/div>\n\t\t\t\t<\/div>\n\t\t\t\t\t<\/div>\n\t\t<\/div>\n\t\t\t\t<div class=\"elementor-column elementor-col-50 elementor-top-column elementor-element elementor-element-2575a2b2\" data-id=\"2575a2b2\" data-element_type=\"column\" data-e-type=\"column\" data-settings=\"{&quot;background_background&quot;:&quot;classic&quot;}\">\n\t\t\t<div class=\"elementor-widget-wrap elementor-element-populated\">\n\t\t\t\t\t\t<div class=\"elementor-element elementor-element-4cc618c7 elementor-widget elementor-widget-spacer\" data-id=\"4cc618c7\" data-element_type=\"widget\" data-e-type=\"widget\" data-widget_type=\"spacer.default\">\n\t\t\t\t<div class=\"elementor-widget-container\">\n\t\t\t\t\t\t\t<div class=\"elementor-spacer\">\n\t\t\t<div class=\"elementor-spacer-inner\"><\/div>\n\t\t<\/div>\n\t\t\t\t\t\t<\/div>\n\t\t\t\t<\/div>\n\t\t\t\t\t<\/div>\n\t\t<\/div>\n\t\t\t\t\t<\/div>\n\t\t<\/section>\n\t\t\t\t<section class=\"elementor-section elementor-top-section elementor-element elementor-element-4345fa37 elementor-section-boxed elementor-section-height-default elementor-section-height-default\" data-id=\"4345fa37\" data-element_type=\"section\" data-e-type=\"section\">\n\t\t\t\t\t\t<div class=\"elementor-container elementor-column-gap-default\">\n\t\t\t\t\t<div class=\"elementor-column elementor-col-50 elementor-top-column elementor-element elementor-element-684add4\" data-id=\"684add4\" data-element_type=\"column\" data-e-type=\"column\" data-settings=\"{&quot;background_background&quot;:&quot;classic&quot;}\">\n\t\t\t<div class=\"elementor-widget-wrap elementor-element-populated\">\n\t\t\t\t\t\t<div class=\"elementor-element elementor-element-23e302ef elementor-widget elementor-widget-spacer\" data-id=\"23e302ef\" data-element_type=\"widget\" data-e-type=\"widget\" data-widget_type=\"spacer.default\">\n\t\t\t\t<div class=\"elementor-widget-container\">\n\t\t\t\t\t\t\t<div class=\"elementor-spacer\">\n\t\t\t<div class=\"elementor-spacer-inner\"><\/div>\n\t\t<\/div>\n\t\t\t\t\t\t<\/div>\n\t\t\t\t<\/div>\n\t\t\t\t\t<\/div>\n\t\t<\/div>\n\t\t\t\t<div class=\"elementor-column elementor-col-50 elementor-top-column elementor-element elementor-element-5b5797f6\" data-id=\"5b5797f6\" data-element_type=\"column\" data-e-type=\"column\" data-settings=\"{&quot;background_background&quot;:&quot;classic&quot;}\">\n\t\t\t<div class=\"elementor-widget-wrap elementor-element-populated\">\n\t\t\t\t\t\t<div class=\"elementor-element elementor-element-5e414a81 elementor-widget elementor-widget-heading\" data-id=\"5e414a81\" data-element_type=\"widget\" data-e-type=\"widget\" data-widget_type=\"heading.default\">\n\t\t\t\t<div class=\"elementor-widget-container\">\n\t\t\t\t\t<h2 class=\"elementor-heading-title elementor-size-default\">L'INNOVATION POUR L'AVENIR<\/h2>\t\t\t\t<\/div>\n\t\t\t\t<\/div>\n\t\t\t\t<div class=\"elementor-element elementor-element-4ddcd945 elementor-widget elementor-widget-text-editor\" data-id=\"4ddcd945\" data-element_type=\"widget\" data-e-type=\"widget\" data-widget_type=\"text-editor.default\">\n\t\t\t\t<div class=\"elementor-widget-container\">\n\t\t\t\t\t\t\t\t\t<p>Nous recherchons de nouvelles solutions innovantes qui enrichissent et simplifient la vie de nos clients, en commen\u00e7ant par la planification d&rsquo;un syst\u00e8me de parking jusqu&rsquo;\u00e0 son installation. Nous explorons de nouvelles voies et vous offrons avec nos solutions plus de s\u00e9curit\u00e9, plus d&rsquo;efficacit\u00e9 et surtout une plus grande convivialit\u00e9. <\/p>\n\t\t\t\t\t\t\t\t<\/div>\n\t\t\t\t<\/div>\n\t\t\t\t\t<\/div>\n\t\t<\/div>\n\t\t\t\t\t<\/div>\n\t\t<\/section>\n\t\t\t\t<\/div>\n\t\t","protected":false},"excerpt":{"rendered":"<p>DE-PARK FABRICANTS DE SYST\u00c8MES DE PARKING VISION D\u00e9velopper et fabriquer des syst\u00e8mes de parking automobile : Pour chaque domaine d&rsquo;application, une finition de haute qualit\u00e9, une planification et un montage simples, une adaptation \u00e0 presque toutes les exigences en mati\u00e8re de construction, un fonctionnement s\u00fbr et fiable, avec un certain confort en plus. C&rsquo;est avec &hellip; <\/p>\n<p class=\"link-more\"><a href=\"https:\/\/de-park.com\/fr\/a-propos-de-de-park\/\" class=\"more-link\">Continuer la lecture<span class=\"screen-reader-text\"> de &laquo;&nbsp;\u00c0 propos de DE-PARK&nbsp;&raquo;<\/span><\/a><\/p>\n","protected":false},"author":2,"featured_media":11990,"parent":0,"menu_order":0,"comment_status":"closed","ping_status":"closed","template":"elementor_header_footer","meta":{"footnotes":""},"class_list":["post-12358","page","type-page","status-publish","has-post-thumbnail","hentry"],"yoast_head":"<!-- This site is optimized with the Yoast SEO plugin v25.6 - https:\/\/yoast.com\/wordpress\/plugins\/seo\/ -->\n<title>DE-PARK \ud83d\ude98 Syst\u00e8mes de parking Made in Germany | A propos de nous<\/title>\n<meta name=\"description\" content=\"DE-PARK a \u00e9t\u00e9 cr\u00e9\u00e9 pour cr\u00e9er une nouvelle atmosph\u00e8re de cr\u00e9ativit\u00e9 et d&#039;innovation pour les syst\u00e8mes de parking \u2705\" \/>\n<meta name=\"robots\" content=\"index, follow, max-snippet:-1, max-image-preview:large, max-video-preview:-1\" \/>\n<link rel=\"canonical\" href=\"https:\/\/de-park.com\/fr\/a-propos-de-de-park\/\" \/>\n<meta property=\"og:locale\" content=\"fr_FR\" \/>\n<meta property=\"og:type\" content=\"article\" \/>\n<meta property=\"og:title\" content=\"DE-PARK \ud83d\ude98 Syst\u00e8mes de parking Made in Germany | A propos de nous\" \/>\n<meta property=\"og:description\" content=\"DE-PARK a \u00e9t\u00e9 cr\u00e9\u00e9 pour cr\u00e9er une nouvelle atmosph\u00e8re de cr\u00e9ativit\u00e9 et d&#039;innovation pour les syst\u00e8mes de parking \u2705\" \/>\n<meta property=\"og:url\" content=\"https:\/\/de-park.com\/fr\/a-propos-de-de-park\/\" \/>\n<meta property=\"og:site_name\" content=\"DE-PARK\" \/>\n<meta property=\"article:modified_time\" content=\"2024-03-14T09:07:51+00:00\" \/>\n<meta property=\"og:image\" content=\"https:\/\/de-park.com\/wp-content\/uploads\/2020\/02\/Website-Icon-2.png\" \/>\n\t<meta property=\"og:image:width\" content=\"512\" \/>\n\t<meta property=\"og:image:height\" content=\"512\" \/>\n\t<meta property=\"og:image:type\" content=\"image\/png\" \/>\n<meta name=\"twitter:card\" content=\"summary_large_image\" \/>\n<script type=\"application\/ld+json\" class=\"yoast-schema-graph\">{\"@context\":\"https:\/\/schema.org\",\"@graph\":[{\"@type\":\"WebPage\",\"@id\":\"https:\/\/de-park.com\/fr\/a-propos-de-de-park\/\",\"url\":\"https:\/\/de-park.com\/fr\/a-propos-de-de-park\/\",\"name\":\"DE-PARK \ud83d\ude98 Syst\u00e8mes de parking Made in Germany | A propos de nous\",\"isPartOf\":{\"@id\":\"https:\/\/de-park.com\/#website\"},\"primaryImageOfPage\":{\"@id\":\"https:\/\/de-park.com\/fr\/a-propos-de-de-park\/#primaryimage\"},\"image\":{\"@id\":\"https:\/\/de-park.com\/fr\/a-propos-de-de-park\/#primaryimage\"},\"thumbnailUrl\":\"https:\/\/de-park.com\/wp-content\/uploads\/2020\/02\/Website-Icon-2.png\",\"datePublished\":\"2022-11-23T13:10:55+00:00\",\"dateModified\":\"2024-03-14T09:07:51+00:00\",\"description\":\"DE-PARK a \u00e9t\u00e9 cr\u00e9\u00e9 pour cr\u00e9er une nouvelle atmosph\u00e8re de cr\u00e9ativit\u00e9 et d'innovation pour les syst\u00e8mes de parking \u2705\",\"breadcrumb\":{\"@id\":\"https:\/\/de-park.com\/fr\/a-propos-de-de-park\/#breadcrumb\"},\"inLanguage\":\"fr-FR\",\"potentialAction\":[{\"@type\":\"ReadAction\",\"target\":[\"https:\/\/de-park.com\/fr\/a-propos-de-de-park\/\"]}]},{\"@type\":\"ImageObject\",\"inLanguage\":\"fr-FR\",\"@id\":\"https:\/\/de-park.com\/fr\/a-propos-de-de-park\/#primaryimage\",\"url\":\"https:\/\/de-park.com\/wp-content\/uploads\/2020\/02\/Website-Icon-2.png\",\"contentUrl\":\"https:\/\/de-park.com\/wp-content\/uploads\/2020\/02\/Website-Icon-2.png\",\"width\":512,\"height\":512,\"caption\":\"Logo DE-PARK\"},{\"@type\":\"BreadcrumbList\",\"@id\":\"https:\/\/de-park.com\/fr\/a-propos-de-de-park\/#breadcrumb\",\"itemListElement\":[{\"@type\":\"ListItem\",\"position\":1,\"name\":\"Home\",\"item\":\"https:\/\/de-park.com\/fr\/\"},{\"@type\":\"ListItem\",\"position\":2,\"name\":\"\u00c0 propos de DE-PARK\"}]},{\"@type\":\"WebSite\",\"@id\":\"https:\/\/de-park.com\/#website\",\"url\":\"https:\/\/de-park.com\/\",\"name\":\"DE-PARK\",\"description\":\"FASZINIEREND. EINFACH. PARKEN.\",\"publisher\":{\"@id\":\"https:\/\/de-park.com\/#organization\"},\"potentialAction\":[{\"@type\":\"SearchAction\",\"target\":{\"@type\":\"EntryPoint\",\"urlTemplate\":\"https:\/\/de-park.com\/?s={search_term_string}\"},\"query-input\":{\"@type\":\"PropertyValueSpecification\",\"valueRequired\":true,\"valueName\":\"search_term_string\"}}],\"inLanguage\":\"fr-FR\"},{\"@type\":\"Organization\",\"@id\":\"https:\/\/de-park.com\/#organization\",\"name\":\"DE PARK\",\"url\":\"https:\/\/de-park.com\/\",\"logo\":{\"@type\":\"ImageObject\",\"inLanguage\":\"fr-FR\",\"@id\":\"https:\/\/de-park.com\/#\/schema\/logo\/image\/\",\"url\":\"https:\/\/de-park.com\/wp-content\/uploads\/2021\/08\/DE-PARK_Logo_V2020_ohne-Slogan.png\",\"contentUrl\":\"https:\/\/de-park.com\/wp-content\/uploads\/2021\/08\/DE-PARK_Logo_V2020_ohne-Slogan.png\",\"width\":1311,\"height\":663,\"caption\":\"DE PARK\"},\"image\":{\"@id\":\"https:\/\/de-park.com\/#\/schema\/logo\/image\/\"}}]}<\/script>\n<!-- \/ Yoast SEO plugin. -->","yoast_head_json":{"title":"DE-PARK \ud83d\ude98 Syst\u00e8mes de parking Made in Germany | A propos de nous","description":"DE-PARK a \u00e9t\u00e9 cr\u00e9\u00e9 pour cr\u00e9er une nouvelle atmosph\u00e8re de cr\u00e9ativit\u00e9 et d'innovation pour les syst\u00e8mes de parking \u2705","robots":{"index":"index","follow":"follow","max-snippet":"max-snippet:-1","max-image-preview":"max-image-preview:large","max-video-preview":"max-video-preview:-1"},"canonical":"https:\/\/de-park.com\/fr\/a-propos-de-de-park\/","og_locale":"fr_FR","og_type":"article","og_title":"DE-PARK \ud83d\ude98 Syst\u00e8mes de parking Made in Germany | A propos de nous","og_description":"DE-PARK a \u00e9t\u00e9 cr\u00e9\u00e9 pour cr\u00e9er une nouvelle atmosph\u00e8re de cr\u00e9ativit\u00e9 et d'innovation pour les syst\u00e8mes de parking \u2705","og_url":"https:\/\/de-park.com\/fr\/a-propos-de-de-park\/","og_site_name":"DE-PARK","article_modified_time":"2024-03-14T09:07:51+00:00","og_image":[{"width":512,"height":512,"url":"https:\/\/de-park.com\/wp-content\/uploads\/2020\/02\/Website-Icon-2.png","type":"image\/png"}],"twitter_card":"summary_large_image","schema":{"@context":"https:\/\/schema.org","@graph":[{"@type":"WebPage","@id":"https:\/\/de-park.com\/fr\/a-propos-de-de-park\/","url":"https:\/\/de-park.com\/fr\/a-propos-de-de-park\/","name":"DE-PARK \ud83d\ude98 Syst\u00e8mes de parking Made in Germany | A propos de nous","isPartOf":{"@id":"https:\/\/de-park.com\/#website"},"primaryImageOfPage":{"@id":"https:\/\/de-park.com\/fr\/a-propos-de-de-park\/#primaryimage"},"image":{"@id":"https:\/\/de-park.com\/fr\/a-propos-de-de-park\/#primaryimage"},"thumbnailUrl":"https:\/\/de-park.com\/wp-content\/uploads\/2020\/02\/Website-Icon-2.png","datePublished":"2022-11-23T13:10:55+00:00","dateModified":"2024-03-14T09:07:51+00:00","description":"DE-PARK a \u00e9t\u00e9 cr\u00e9\u00e9 pour cr\u00e9er une nouvelle atmosph\u00e8re de cr\u00e9ativit\u00e9 et d'innovation pour les syst\u00e8mes de parking \u2705","breadcrumb":{"@id":"https:\/\/de-park.com\/fr\/a-propos-de-de-park\/#breadcrumb"},"inLanguage":"fr-FR","potentialAction":[{"@type":"ReadAction","target":["https:\/\/de-park.com\/fr\/a-propos-de-de-park\/"]}]},{"@type":"ImageObject","inLanguage":"fr-FR","@id":"https:\/\/de-park.com\/fr\/a-propos-de-de-park\/#primaryimage","url":"https:\/\/de-park.com\/wp-content\/uploads\/2020\/02\/Website-Icon-2.png","contentUrl":"https:\/\/de-park.com\/wp-content\/uploads\/2020\/02\/Website-Icon-2.png","width":512,"height":512,"caption":"Logo DE-PARK"},{"@type":"BreadcrumbList","@id":"https:\/\/de-park.com\/fr\/a-propos-de-de-park\/#breadcrumb","itemListElement":[{"@type":"ListItem","position":1,"name":"Home","item":"https:\/\/de-park.com\/fr\/"},{"@type":"ListItem","position":2,"name":"\u00c0 propos de DE-PARK"}]},{"@type":"WebSite","@id":"https:\/\/de-park.com\/#website","url":"https:\/\/de-park.com\/","name":"DE-PARK","description":"FASZINIEREND. EINFACH. PARKEN.","publisher":{"@id":"https:\/\/de-park.com\/#organization"},"potentialAction":[{"@type":"SearchAction","target":{"@type":"EntryPoint","urlTemplate":"https:\/\/de-park.com\/?s={search_term_string}"},"query-input":{"@type":"PropertyValueSpecification","valueRequired":true,"valueName":"search_term_string"}}],"inLanguage":"fr-FR"},{"@type":"Organization","@id":"https:\/\/de-park.com\/#organization","name":"DE PARK","url":"https:\/\/de-park.com\/","logo":{"@type":"ImageObject","inLanguage":"fr-FR","@id":"https:\/\/de-park.com\/#\/schema\/logo\/image\/","url":"https:\/\/de-park.com\/wp-content\/uploads\/2021\/08\/DE-PARK_Logo_V2020_ohne-Slogan.png","contentUrl":"https:\/\/de-park.com\/wp-content\/uploads\/2021\/08\/DE-PARK_Logo_V2020_ohne-Slogan.png","width":1311,"height":663,"caption":"DE PARK"},"image":{"@id":"https:\/\/de-park.com\/#\/schema\/logo\/image\/"}}]}},"_links":{"self":[{"href":"https:\/\/de-park.com\/fr\/wp-json\/wp\/v2\/pages\/12358"}],"collection":[{"href":"https:\/\/de-park.com\/fr\/wp-json\/wp\/v2\/pages"}],"about":[{"href":"https:\/\/de-park.com\/fr\/wp-json\/wp\/v2\/types\/page"}],"author":[{"embeddable":true,"href":"https:\/\/de-park.com\/fr\/wp-json\/wp\/v2\/users\/2"}],"replies":[{"embeddable":true,"href":"https:\/\/de-park.com\/fr\/wp-json\/wp\/v2\/comments?post=12358"}],"version-history":[{"count":13,"href":"https:\/\/de-park.com\/fr\/wp-json\/wp\/v2\/pages\/12358\/revisions"}],"predecessor-version":[{"id":15936,"href":"https:\/\/de-park.com\/fr\/wp-json\/wp\/v2\/pages\/12358\/revisions\/15936"}],"wp:featuredmedia":[{"embeddable":true,"href":"https:\/\/de-park.com\/fr\/wp-json\/wp\/v2\/media\/11990"}],"wp:attachment":[{"href":"https:\/\/de-park.com\/fr\/wp-json\/wp\/v2\/media?parent=12358"}],"curies":[{"name":"wp","href":"https:\/\/api.w.org\/{rel}","templated":true}]}}