{"id":12352,"date":"2022-11-23T13:57:44","date_gmt":"2022-11-23T12:57:44","guid":{"rendered":"https:\/\/de-park.com\/avantages\/"},"modified":"2024-03-14T10:09:49","modified_gmt":"2024-03-14T09:09:49","slug":"avantages","status":"publish","type":"page","link":"https:\/\/de-park.com\/fr\/avantages\/","title":{"rendered":"Avantages"},"content":{"rendered":"\t\t<div data-elementor-type=\"wp-post\" data-elementor-id=\"12352\" class=\"elementor elementor-12352 elementor-840\" data-elementor-post-type=\"page\">\n\t\t\t\t\t\t<section class=\"elementor-section elementor-top-section elementor-element elementor-element-77c50eda elementor-section-content-middle elementor-reverse-mobile elementor-section-boxed elementor-section-height-default elementor-section-height-default\" data-id=\"77c50eda\" data-element_type=\"section\" data-e-type=\"section\">\n\t\t\t\t\t\t<div class=\"elementor-container elementor-column-gap-default\">\n\t\t\t\t\t<div class=\"elementor-column elementor-col-100 elementor-top-column elementor-element elementor-element-1de8d6db\" data-id=\"1de8d6db\" data-element_type=\"column\" data-e-type=\"column\" data-settings=\"{&quot;background_background&quot;:&quot;classic&quot;}\">\n\t\t\t<div class=\"elementor-widget-wrap elementor-element-populated\">\n\t\t\t\t\t\t<section class=\"elementor-section elementor-inner-section elementor-element elementor-element-32794789 elementor-section-boxed elementor-section-height-default elementor-section-height-default\" data-id=\"32794789\" data-element_type=\"section\" data-e-type=\"section\">\n\t\t\t\t\t\t<div class=\"elementor-container elementor-column-gap-default\">\n\t\t\t\t\t<div class=\"elementor-column elementor-col-50 elementor-inner-column elementor-element elementor-element-cc1b714\" data-id=\"cc1b714\" data-element_type=\"column\" data-e-type=\"column\">\n\t\t\t<div class=\"elementor-widget-wrap elementor-element-populated\">\n\t\t\t\t\t\t<div class=\"elementor-element elementor-element-3ad0b45c elementor-widget elementor-widget-spacer\" data-id=\"3ad0b45c\" data-element_type=\"widget\" data-e-type=\"widget\" data-widget_type=\"spacer.default\">\n\t\t\t\t<div class=\"elementor-widget-container\">\n\t\t\t\t\t\t\t<div class=\"elementor-spacer\">\n\t\t\t<div class=\"elementor-spacer-inner\"><\/div>\n\t\t<\/div>\n\t\t\t\t\t\t<\/div>\n\t\t\t\t<\/div>\n\t\t\t\t\t<\/div>\n\t\t<\/div>\n\t\t\t\t<div class=\"elementor-column elementor-col-50 elementor-inner-column elementor-element elementor-element-bf82475\" data-id=\"bf82475\" data-element_type=\"column\" data-e-type=\"column\">\n\t\t\t<div class=\"elementor-widget-wrap elementor-element-populated\">\n\t\t\t\t\t\t<div class=\"elementor-element elementor-element-1d91c18 elementor-widget elementor-widget-text-editor\" data-id=\"1d91c18\" data-element_type=\"widget\" data-e-type=\"widget\" data-widget_type=\"text-editor.default\">\n\t\t\t\t<div class=\"elementor-widget-container\">\n\t\t\t\t\t\t\t\t\t<p>DE-PARK<\/p>\n\t\t\t\t\t\t\t\t<\/div>\n\t\t\t\t<\/div>\n\t\t\t\t<div class=\"elementor-element elementor-element-10aeb96 elementor-widget-divider--view-line elementor-widget elementor-widget-divider\" data-id=\"10aeb96\" data-element_type=\"widget\" data-e-type=\"widget\" data-widget_type=\"divider.default\">\n\t\t\t\t<div class=\"elementor-widget-container\">\n\t\t\t\t\t\t\t<div class=\"elementor-divider\">\n\t\t\t<span class=\"elementor-divider-separator\">\n\t\t\t\t\t\t<\/span>\n\t\t<\/div>\n\t\t\t\t\t\t<\/div>\n\t\t\t\t<\/div>\n\t\t\t\t<div class=\"elementor-element elementor-element-53d1f0b elementor-widget elementor-widget-text-editor\" data-id=\"53d1f0b\" data-element_type=\"widget\" data-e-type=\"widget\" data-widget_type=\"text-editor.default\">\n\t\t\t\t<div class=\"elementor-widget-container\">\n\t\t\t\t\t\t\t\t\t<p>S&rsquo;ASSURER DES AVANTAGES<\/p>\n\t\t\t\t\t\t\t\t<\/div>\n\t\t\t\t<\/div>\n\t\t\t\t\t<\/div>\n\t\t<\/div>\n\t\t\t\t\t<\/div>\n\t\t<\/section>\n\t\t\t\t\t<\/div>\n\t\t<\/div>\n\t\t\t\t\t<\/div>\n\t\t<\/section>\n\t\t\t\t<section class=\"elementor-section elementor-top-section elementor-element elementor-element-67a9073a elementor-section-height-min-height elementor-section-boxed elementor-section-height-default elementor-section-items-middle\" data-id=\"67a9073a\" data-element_type=\"section\" data-e-type=\"section\">\n\t\t\t\t\t\t<div class=\"elementor-container elementor-column-gap-default\">\n\t\t\t\t\t<div class=\"elementor-column elementor-col-100 elementor-top-column elementor-element elementor-element-16fd3ee3\" data-id=\"16fd3ee3\" data-element_type=\"column\" data-e-type=\"column\" data-settings=\"{&quot;background_background&quot;:&quot;classic&quot;}\">\n\t\t\t<div class=\"elementor-widget-wrap elementor-element-populated\">\n\t\t\t\t\t\t<div class=\"elementor-element elementor-element-69647511 elementor-widget elementor-widget-text-editor\" data-id=\"69647511\" data-element_type=\"widget\" data-e-type=\"widget\" data-widget_type=\"text-editor.default\">\n\t\t\t\t<div class=\"elementor-widget-container\">\n\t\t\t\t\t\t\t\t\t<p>\u00ab\u00a0Le contact personnel avec vous et la r\u00e9alisation simple de votre projet de construction, sont pour nous une priorit\u00e9 absolue. Car votre satisfaction est notre exigence\u00a0\u00bb.<\/p>\n\t\t\t\t\t\t\t\t<\/div>\n\t\t\t\t<\/div>\n\t\t\t\t\t<\/div>\n\t\t<\/div>\n\t\t\t\t\t<\/div>\n\t\t<\/section>\n\t\t\t\t<section class=\"elementor-section elementor-top-section elementor-element elementor-element-dc74df8 elementor-section-boxed elementor-section-height-default elementor-section-height-default\" data-id=\"dc74df8\" data-element_type=\"section\" data-e-type=\"section\">\n\t\t\t\t\t\t<div class=\"elementor-container elementor-column-gap-default\">\n\t\t\t\t\t<div class=\"elementor-column elementor-col-50 elementor-top-column elementor-element elementor-element-1e241b94\" data-id=\"1e241b94\" data-element_type=\"column\" data-e-type=\"column\" data-settings=\"{&quot;background_background&quot;:&quot;classic&quot;}\">\n\t\t\t<div class=\"elementor-widget-wrap elementor-element-populated\">\n\t\t\t\t\t<div class=\"elementor-background-overlay\"><\/div>\n\t\t\t\t\t\t<div class=\"elementor-element elementor-element-6abddd2c elementor-widget elementor-widget-spacer\" data-id=\"6abddd2c\" data-element_type=\"widget\" data-e-type=\"widget\" data-widget_type=\"spacer.default\">\n\t\t\t\t<div class=\"elementor-widget-container\">\n\t\t\t\t\t\t\t<div class=\"elementor-spacer\">\n\t\t\t<div class=\"elementor-spacer-inner\"><\/div>\n\t\t<\/div>\n\t\t\t\t\t\t<\/div>\n\t\t\t\t<\/div>\n\t\t\t\t\t<\/div>\n\t\t<\/div>\n\t\t\t\t<div class=\"elementor-column elementor-col-50 elementor-top-column elementor-element elementor-element-6de3359b\" data-id=\"6de3359b\" data-element_type=\"column\" data-e-type=\"column\" data-settings=\"{&quot;background_background&quot;:&quot;classic&quot;}\">\n\t\t\t<div class=\"elementor-widget-wrap elementor-element-populated\">\n\t\t\t\t\t\t<div class=\"elementor-element elementor-element-2231f66b elementor-widget elementor-widget-heading\" data-id=\"2231f66b\" data-element_type=\"widget\" data-e-type=\"widget\" data-widget_type=\"heading.default\">\n\t\t\t\t<div class=\"elementor-widget-container\">\n\t\t\t\t\t<h2 class=\"elementor-heading-title elementor-size-default\">PLANIFICATION FACILE<\/h2>\t\t\t\t<\/div>\n\t\t\t\t<\/div>\n\t\t\t\t<div class=\"elementor-element elementor-element-51cba772 elementor-widget elementor-widget-text-editor\" data-id=\"51cba772\" data-element_type=\"widget\" data-e-type=\"widget\" data-widget_type=\"text-editor.default\">\n\t\t\t\t<div class=\"elementor-widget-container\">\n\t\t\t\t\t\t\t\t\t<p>Nous vous soutenons dans votre planification. Nous accordons une grande importance au conseil personnalis\u00e9 afin de trouver la solution optimale pour votre projet de construction. Pour faciliter l&rsquo;int\u00e9gration dans votre planification globale, nous mettons \u00e0 votre disposition des plans CAO. Nous vous simplifions le travail de planification et sommes votre interlocuteur pour toutes les questions relatives aux syst\u00e8mes. <\/p>\n\t\t\t\t\t\t\t\t<\/div>\n\t\t\t\t<\/div>\n\t\t\t\t\t<\/div>\n\t\t<\/div>\n\t\t\t\t\t<\/div>\n\t\t<\/section>\n\t\t\t\t<section class=\"elementor-section elementor-top-section elementor-element elementor-element-2494ed5 elementor-reverse-mobile elementor-section-boxed elementor-section-height-default elementor-section-height-default\" data-id=\"2494ed5\" data-element_type=\"section\" data-e-type=\"section\">\n\t\t\t\t\t\t<div class=\"elementor-container elementor-column-gap-default\">\n\t\t\t\t\t<div class=\"elementor-column elementor-col-50 elementor-top-column elementor-element elementor-element-1efc082\" data-id=\"1efc082\" data-element_type=\"column\" data-e-type=\"column\" data-settings=\"{&quot;background_background&quot;:&quot;classic&quot;}\">\n\t\t\t<div class=\"elementor-widget-wrap elementor-element-populated\">\n\t\t\t\t\t\t<div class=\"elementor-element elementor-element-1fb187c7 elementor-widget elementor-widget-heading\" data-id=\"1fb187c7\" data-element_type=\"widget\" data-e-type=\"widget\" data-widget_type=\"heading.default\">\n\t\t\t\t<div class=\"elementor-widget-container\">\n\t\t\t\t\t<h2 class=\"elementor-heading-title elementor-size-default\">INSTALLATION FACILE<\/h2>\t\t\t\t<\/div>\n\t\t\t\t<\/div>\n\t\t\t\t<div class=\"elementor-element elementor-element-10d2e749 elementor-widget elementor-widget-text-editor\" data-id=\"10d2e749\" data-element_type=\"widget\" data-e-type=\"widget\" data-widget_type=\"text-editor.default\">\n\t\t\t\t<div class=\"elementor-widget-container\">\n\t\t\t\t\t\t\t\t\t<p>Les syst\u00e8mes de parking sont en grande partie pr\u00e9mont\u00e9s et pr\u00e9par\u00e9s sur le plan logistique dans notre usine, pour une installation simple et rapide sur place. Nous clarifions au pr\u00e9alable avec vous la situation de montage locale pour un d\u00e9roulement sans probl\u00e8me du montage. Les syst\u00e8mes de parking sont transport\u00e9s jusqu&rsquo;au lieu d&rsquo;installation, vous ne devez plus vous occuper de rien. <\/p>\n\t\t\t\t\t\t\t\t<\/div>\n\t\t\t\t<\/div>\n\t\t\t\t\t<\/div>\n\t\t<\/div>\n\t\t\t\t<div class=\"elementor-column elementor-col-50 elementor-top-column elementor-element elementor-element-4f7d01a9\" data-id=\"4f7d01a9\" data-element_type=\"column\" data-e-type=\"column\" data-settings=\"{&quot;background_background&quot;:&quot;classic&quot;}\">\n\t\t\t<div class=\"elementor-widget-wrap elementor-element-populated\">\n\t\t\t\t\t\t<div class=\"elementor-element elementor-element-5ed0ffa7 elementor-widget elementor-widget-spacer\" data-id=\"5ed0ffa7\" data-element_type=\"widget\" data-e-type=\"widget\" data-widget_type=\"spacer.default\">\n\t\t\t\t<div class=\"elementor-widget-container\">\n\t\t\t\t\t\t\t<div class=\"elementor-spacer\">\n\t\t\t<div class=\"elementor-spacer-inner\"><\/div>\n\t\t<\/div>\n\t\t\t\t\t\t<\/div>\n\t\t\t\t<\/div>\n\t\t\t\t\t<\/div>\n\t\t<\/div>\n\t\t\t\t\t<\/div>\n\t\t<\/section>\n\t\t\t\t<section class=\"elementor-section elementor-top-section elementor-element elementor-element-3bce63e6 elementor-section-boxed elementor-section-height-default elementor-section-height-default\" data-id=\"3bce63e6\" data-element_type=\"section\" data-e-type=\"section\" data-settings=\"{&quot;background_background&quot;:&quot;classic&quot;}\">\n\t\t\t\t\t\t<div class=\"elementor-container elementor-column-gap-default\">\n\t\t\t\t\t<div class=\"elementor-column elementor-col-50 elementor-top-column elementor-element elementor-element-e735a4f\" data-id=\"e735a4f\" data-element_type=\"column\" data-e-type=\"column\" data-settings=\"{&quot;background_background&quot;:&quot;classic&quot;}\">\n\t\t\t<div class=\"elementor-widget-wrap elementor-element-populated\">\n\t\t\t\t\t\t<div class=\"elementor-element elementor-element-1d35f47b elementor-widget elementor-widget-spacer\" data-id=\"1d35f47b\" data-element_type=\"widget\" data-e-type=\"widget\" data-widget_type=\"spacer.default\">\n\t\t\t\t<div class=\"elementor-widget-container\">\n\t\t\t\t\t\t\t<div class=\"elementor-spacer\">\n\t\t\t<div class=\"elementor-spacer-inner\"><\/div>\n\t\t<\/div>\n\t\t\t\t\t\t<\/div>\n\t\t\t\t<\/div>\n\t\t\t\t\t<\/div>\n\t\t<\/div>\n\t\t\t\t<div class=\"elementor-column elementor-col-50 elementor-top-column elementor-element elementor-element-157a699b\" data-id=\"157a699b\" data-element_type=\"column\" data-e-type=\"column\" data-settings=\"{&quot;background_background&quot;:&quot;classic&quot;}\">\n\t\t\t<div class=\"elementor-widget-wrap elementor-element-populated\">\n\t\t\t\t\t\t<div class=\"elementor-element elementor-element-7b80bccb elementor-widget elementor-widget-heading\" data-id=\"7b80bccb\" data-element_type=\"widget\" data-e-type=\"widget\" data-widget_type=\"heading.default\">\n\t\t\t\t<div class=\"elementor-widget-container\">\n\t\t\t\t\t<h2 class=\"elementor-heading-title elementor-size-default\">FONCTIONNEMENT SIMPLE<\/h2>\t\t\t\t<\/div>\n\t\t\t\t<\/div>\n\t\t\t\t<div class=\"elementor-element elementor-element-21315ce2 elementor-widget elementor-widget-text-editor\" data-id=\"21315ce2\" data-element_type=\"widget\" data-e-type=\"widget\" data-widget_type=\"text-editor.default\">\n\t\t\t\t<div class=\"elementor-widget-container\">\n\t\t\t\t\t\t\t\t\t<p>Nous combinons une technique \u00e9prouv\u00e9e avec une technique innovante, utilisons moins de pi\u00e8ces d&rsquo;usure et assurons ainsi un fonctionnement simple et s\u00fbr des installations. L&rsquo;\u00e9quipement de base confortable avec une grande facilit\u00e9 d&rsquo;utilisation, vous facilite le stationnement quotidien.<br \/>DE-PARK. Fascinant. Simple. Stationnement.<\/p>\n\t\t\t\t\t\t\t\t<\/div>\n\t\t\t\t<\/div>\n\t\t\t\t\t<\/div>\n\t\t<\/div>\n\t\t\t\t\t<\/div>\n\t\t<\/section>\n\t\t\t\t<section class=\"elementor-section elementor-top-section elementor-element elementor-element-20f1d1e elementor-section-boxed elementor-section-height-default elementor-section-height-default\" data-id=\"20f1d1e\" data-element_type=\"section\" data-e-type=\"section\">\n\t\t\t\t\t\t<div class=\"elementor-container elementor-column-gap-default\">\n\t\t\t\t\t<div class=\"elementor-column elementor-col-100 elementor-top-column elementor-element elementor-element-fedd661\" data-id=\"fedd661\" data-element_type=\"column\" data-e-type=\"column\">\n\t\t\t<div class=\"elementor-widget-wrap\">\n\t\t\t\t\t\t\t<\/div>\n\t\t<\/div>\n\t\t\t\t\t<\/div>\n\t\t<\/section>\n\t\t\t\t<\/div>\n\t\t","protected":false},"excerpt":{"rendered":"<p>DE-PARK S&rsquo;ASSURER DES AVANTAGES \u00ab\u00a0Le contact personnel avec vous et la r\u00e9alisation simple de votre projet de construction, sont pour nous une priorit\u00e9 absolue. Car votre satisfaction est notre exigence\u00a0\u00bb. PLANIFICATION FACILE Nous vous soutenons dans votre planification. Nous accordons une grande importance au conseil personnalis\u00e9 afin de trouver la solution optimale pour votre projet &hellip; <\/p>\n<p class=\"link-more\"><a href=\"https:\/\/de-park.com\/fr\/avantages\/\" class=\"more-link\">Continuer la lecture<span class=\"screen-reader-text\"> de &laquo;&nbsp;Avantages&nbsp;&raquo;<\/span><\/a><\/p>\n","protected":false},"author":2,"featured_media":12037,"parent":0,"menu_order":0,"comment_status":"closed","ping_status":"closed","template":"elementor_header_footer","meta":{"footnotes":""},"class_list":["post-12352","page","type-page","status-publish","has-post-thumbnail","hentry"],"yoast_head":"<!-- This site is optimized with the Yoast SEO plugin v25.6 - https:\/\/yoast.com\/wordpress\/plugins\/seo\/ -->\n<title>DE-PARK \ud83d\ude98 Syst\u00e8mes de parking | Notre service est votre avantage<\/title>\n<meta name=\"description\" content=\"Notre technologie innovante rend la planification, l&#039;installation et l&#039;exploitation des syst\u00e8mes de parking plus simples et plus efficaces que jamais \u2705\" \/>\n<meta name=\"robots\" content=\"index, follow, max-snippet:-1, max-image-preview:large, max-video-preview:-1\" \/>\n<link rel=\"canonical\" href=\"https:\/\/de-park.com\/fr\/avantages\/\" \/>\n<meta property=\"og:locale\" content=\"fr_FR\" \/>\n<meta property=\"og:type\" content=\"article\" \/>\n<meta property=\"og:title\" content=\"DE-PARK \ud83d\ude98 Syst\u00e8mes de parking | Notre service est votre avantage\" \/>\n<meta property=\"og:description\" content=\"Notre technologie innovante rend la planification, l&#039;installation et l&#039;exploitation des syst\u00e8mes de parking plus simples et plus efficaces que jamais \u2705\" \/>\n<meta property=\"og:url\" content=\"https:\/\/de-park.com\/fr\/avantages\/\" \/>\n<meta property=\"og:site_name\" content=\"DE-PARK\" \/>\n<meta property=\"article:modified_time\" content=\"2024-03-14T09:09:49+00:00\" \/>\n<meta property=\"og:image\" content=\"https:\/\/de-park.com\/wp-content\/uploads\/2021\/04\/DE-PARK_Die_Vorteile.jpg\" \/>\n\t<meta property=\"og:image:width\" content=\"944\" \/>\n\t<meta property=\"og:image:height\" content=\"819\" \/>\n\t<meta property=\"og:image:type\" content=\"image\/jpeg\" \/>\n<meta name=\"twitter:card\" content=\"summary_large_image\" \/>\n<script type=\"application\/ld+json\" class=\"yoast-schema-graph\">{\"@context\":\"https:\/\/schema.org\",\"@graph\":[{\"@type\":\"WebPage\",\"@id\":\"https:\/\/de-park.com\/fr\/avantages\/\",\"url\":\"https:\/\/de-park.com\/fr\/avantages\/\",\"name\":\"DE-PARK \ud83d\ude98 Syst\u00e8mes de parking | Notre service est votre avantage\",\"isPartOf\":{\"@id\":\"https:\/\/de-park.com\/#website\"},\"primaryImageOfPage\":{\"@id\":\"https:\/\/de-park.com\/fr\/avantages\/#primaryimage\"},\"image\":{\"@id\":\"https:\/\/de-park.com\/fr\/avantages\/#primaryimage\"},\"thumbnailUrl\":\"https:\/\/de-park.com\/wp-content\/uploads\/2021\/04\/DE-PARK_Die_Vorteile.jpg\",\"datePublished\":\"2022-11-23T12:57:44+00:00\",\"dateModified\":\"2024-03-14T09:09:49+00:00\",\"description\":\"Notre technologie innovante rend la planification, l'installation et l'exploitation des syst\u00e8mes de parking plus simples et plus efficaces que jamais \u2705\",\"breadcrumb\":{\"@id\":\"https:\/\/de-park.com\/fr\/avantages\/#breadcrumb\"},\"inLanguage\":\"fr-FR\",\"potentialAction\":[{\"@type\":\"ReadAction\",\"target\":[\"https:\/\/de-park.com\/fr\/avantages\/\"]}]},{\"@type\":\"ImageObject\",\"inLanguage\":\"fr-FR\",\"@id\":\"https:\/\/de-park.com\/fr\/avantages\/#primaryimage\",\"url\":\"https:\/\/de-park.com\/wp-content\/uploads\/2021\/04\/DE-PARK_Die_Vorteile.jpg\",\"contentUrl\":\"https:\/\/de-park.com\/wp-content\/uploads\/2021\/04\/DE-PARK_Die_Vorteile.jpg\",\"width\":944,\"height\":819,\"caption\":\"DE-PARK_Die_Vorteile_Unserer_Parksysteme\"},{\"@type\":\"BreadcrumbList\",\"@id\":\"https:\/\/de-park.com\/fr\/avantages\/#breadcrumb\",\"itemListElement\":[{\"@type\":\"ListItem\",\"position\":1,\"name\":\"Home\",\"item\":\"https:\/\/de-park.com\/fr\/\"},{\"@type\":\"ListItem\",\"position\":2,\"name\":\"Avantages\"}]},{\"@type\":\"WebSite\",\"@id\":\"https:\/\/de-park.com\/#website\",\"url\":\"https:\/\/de-park.com\/\",\"name\":\"DE-PARK\",\"description\":\"FASZINIEREND. EINFACH. PARKEN.\",\"publisher\":{\"@id\":\"https:\/\/de-park.com\/#organization\"},\"potentialAction\":[{\"@type\":\"SearchAction\",\"target\":{\"@type\":\"EntryPoint\",\"urlTemplate\":\"https:\/\/de-park.com\/?s={search_term_string}\"},\"query-input\":{\"@type\":\"PropertyValueSpecification\",\"valueRequired\":true,\"valueName\":\"search_term_string\"}}],\"inLanguage\":\"fr-FR\"},{\"@type\":\"Organization\",\"@id\":\"https:\/\/de-park.com\/#organization\",\"name\":\"DE PARK\",\"url\":\"https:\/\/de-park.com\/\",\"logo\":{\"@type\":\"ImageObject\",\"inLanguage\":\"fr-FR\",\"@id\":\"https:\/\/de-park.com\/#\/schema\/logo\/image\/\",\"url\":\"https:\/\/de-park.com\/wp-content\/uploads\/2021\/08\/DE-PARK_Logo_V2020_ohne-Slogan.png\",\"contentUrl\":\"https:\/\/de-park.com\/wp-content\/uploads\/2021\/08\/DE-PARK_Logo_V2020_ohne-Slogan.png\",\"width\":1311,\"height\":663,\"caption\":\"DE PARK\"},\"image\":{\"@id\":\"https:\/\/de-park.com\/#\/schema\/logo\/image\/\"}}]}<\/script>\n<!-- \/ Yoast SEO plugin. -->","yoast_head_json":{"title":"DE-PARK \ud83d\ude98 Syst\u00e8mes de parking | Notre service est votre avantage","description":"Notre technologie innovante rend la planification, l'installation et l'exploitation des syst\u00e8mes de parking plus simples et plus efficaces que jamais \u2705","robots":{"index":"index","follow":"follow","max-snippet":"max-snippet:-1","max-image-preview":"max-image-preview:large","max-video-preview":"max-video-preview:-1"},"canonical":"https:\/\/de-park.com\/fr\/avantages\/","og_locale":"fr_FR","og_type":"article","og_title":"DE-PARK \ud83d\ude98 Syst\u00e8mes de parking | Notre service est votre avantage","og_description":"Notre technologie innovante rend la planification, l'installation et l'exploitation des syst\u00e8mes de parking plus simples et plus efficaces que jamais \u2705","og_url":"https:\/\/de-park.com\/fr\/avantages\/","og_site_name":"DE-PARK","article_modified_time":"2024-03-14T09:09:49+00:00","og_image":[{"width":944,"height":819,"url":"https:\/\/de-park.com\/wp-content\/uploads\/2021\/04\/DE-PARK_Die_Vorteile.jpg","type":"image\/jpeg"}],"twitter_card":"summary_large_image","schema":{"@context":"https:\/\/schema.org","@graph":[{"@type":"WebPage","@id":"https:\/\/de-park.com\/fr\/avantages\/","url":"https:\/\/de-park.com\/fr\/avantages\/","name":"DE-PARK \ud83d\ude98 Syst\u00e8mes de parking | Notre service est votre avantage","isPartOf":{"@id":"https:\/\/de-park.com\/#website"},"primaryImageOfPage":{"@id":"https:\/\/de-park.com\/fr\/avantages\/#primaryimage"},"image":{"@id":"https:\/\/de-park.com\/fr\/avantages\/#primaryimage"},"thumbnailUrl":"https:\/\/de-park.com\/wp-content\/uploads\/2021\/04\/DE-PARK_Die_Vorteile.jpg","datePublished":"2022-11-23T12:57:44+00:00","dateModified":"2024-03-14T09:09:49+00:00","description":"Notre technologie innovante rend la planification, l'installation et l'exploitation des syst\u00e8mes de parking plus simples et plus efficaces que jamais \u2705","breadcrumb":{"@id":"https:\/\/de-park.com\/fr\/avantages\/#breadcrumb"},"inLanguage":"fr-FR","potentialAction":[{"@type":"ReadAction","target":["https:\/\/de-park.com\/fr\/avantages\/"]}]},{"@type":"ImageObject","inLanguage":"fr-FR","@id":"https:\/\/de-park.com\/fr\/avantages\/#primaryimage","url":"https:\/\/de-park.com\/wp-content\/uploads\/2021\/04\/DE-PARK_Die_Vorteile.jpg","contentUrl":"https:\/\/de-park.com\/wp-content\/uploads\/2021\/04\/DE-PARK_Die_Vorteile.jpg","width":944,"height":819,"caption":"DE-PARK_Die_Vorteile_Unserer_Parksysteme"},{"@type":"BreadcrumbList","@id":"https:\/\/de-park.com\/fr\/avantages\/#breadcrumb","itemListElement":[{"@type":"ListItem","position":1,"name":"Home","item":"https:\/\/de-park.com\/fr\/"},{"@type":"ListItem","position":2,"name":"Avantages"}]},{"@type":"WebSite","@id":"https:\/\/de-park.com\/#website","url":"https:\/\/de-park.com\/","name":"DE-PARK","description":"FASZINIEREND. EINFACH. PARKEN.","publisher":{"@id":"https:\/\/de-park.com\/#organization"},"potentialAction":[{"@type":"SearchAction","target":{"@type":"EntryPoint","urlTemplate":"https:\/\/de-park.com\/?s={search_term_string}"},"query-input":{"@type":"PropertyValueSpecification","valueRequired":true,"valueName":"search_term_string"}}],"inLanguage":"fr-FR"},{"@type":"Organization","@id":"https:\/\/de-park.com\/#organization","name":"DE PARK","url":"https:\/\/de-park.com\/","logo":{"@type":"ImageObject","inLanguage":"fr-FR","@id":"https:\/\/de-park.com\/#\/schema\/logo\/image\/","url":"https:\/\/de-park.com\/wp-content\/uploads\/2021\/08\/DE-PARK_Logo_V2020_ohne-Slogan.png","contentUrl":"https:\/\/de-park.com\/wp-content\/uploads\/2021\/08\/DE-PARK_Logo_V2020_ohne-Slogan.png","width":1311,"height":663,"caption":"DE PARK"},"image":{"@id":"https:\/\/de-park.com\/#\/schema\/logo\/image\/"}}]}},"_links":{"self":[{"href":"https:\/\/de-park.com\/fr\/wp-json\/wp\/v2\/pages\/12352"}],"collection":[{"href":"https:\/\/de-park.com\/fr\/wp-json\/wp\/v2\/pages"}],"about":[{"href":"https:\/\/de-park.com\/fr\/wp-json\/wp\/v2\/types\/page"}],"author":[{"embeddable":true,"href":"https:\/\/de-park.com\/fr\/wp-json\/wp\/v2\/users\/2"}],"replies":[{"embeddable":true,"href":"https:\/\/de-park.com\/fr\/wp-json\/wp\/v2\/comments?post=12352"}],"version-history":[{"count":13,"href":"https:\/\/de-park.com\/fr\/wp-json\/wp\/v2\/pages\/12352\/revisions"}],"predecessor-version":[{"id":15939,"href":"https:\/\/de-park.com\/fr\/wp-json\/wp\/v2\/pages\/12352\/revisions\/15939"}],"wp:featuredmedia":[{"embeddable":true,"href":"https:\/\/de-park.com\/fr\/wp-json\/wp\/v2\/media\/12037"}],"wp:attachment":[{"href":"https:\/\/de-park.com\/fr\/wp-json\/wp\/v2\/media?parent=12352"}],"curies":[{"name":"wp","href":"https:\/\/api.w.org\/{rel}","templated":true}]}}