{"id":10045,"date":"2022-03-08T14:54:16","date_gmt":"2022-03-08T13:54:16","guid":{"rendered":"https:\/\/de-park.com\/acerca-de-de-park\/"},"modified":"2024-03-14T10:30:42","modified_gmt":"2024-03-14T09:30:42","slug":"acerca-de-de-park","status":"publish","type":"page","link":"https:\/\/de-park.com\/es\/acerca-de-de-park\/","title":{"rendered":"Acerca de DE-PARK"},"content":{"rendered":"\t\t<div data-elementor-type=\"wp-post\" data-elementor-id=\"10045\" class=\"elementor elementor-10045 elementor-755\" data-elementor-post-type=\"page\">\n\t\t\t\t\t\t<section class=\"elementor-section elementor-top-section elementor-element elementor-element-65be3f73 elementor-section-content-middle elementor-reverse-mobile elementor-section-boxed elementor-section-height-default elementor-section-height-default\" data-id=\"65be3f73\" data-element_type=\"section\" data-e-type=\"section\">\n\t\t\t\t\t\t<div class=\"elementor-container elementor-column-gap-default\">\n\t\t\t\t\t<div class=\"elementor-column elementor-col-100 elementor-top-column elementor-element elementor-element-316c463a\" data-id=\"316c463a\" data-element_type=\"column\" data-e-type=\"column\" data-settings=\"{&quot;background_background&quot;:&quot;classic&quot;}\">\n\t\t\t<div class=\"elementor-widget-wrap elementor-element-populated\">\n\t\t\t\t\t\t<section class=\"elementor-section elementor-inner-section elementor-element elementor-element-7f1abfd elementor-section-boxed elementor-section-height-default elementor-section-height-default\" data-id=\"7f1abfd\" data-element_type=\"section\" data-e-type=\"section\">\n\t\t\t\t\t\t<div class=\"elementor-container elementor-column-gap-default\">\n\t\t\t\t\t<div class=\"elementor-column elementor-col-50 elementor-inner-column elementor-element elementor-element-1b79759c\" data-id=\"1b79759c\" data-element_type=\"column\" data-e-type=\"column\">\n\t\t\t<div class=\"elementor-widget-wrap elementor-element-populated\">\n\t\t\t\t\t\t<div class=\"elementor-element elementor-element-704835df elementor-widget elementor-widget-spacer\" data-id=\"704835df\" data-element_type=\"widget\" data-e-type=\"widget\" data-widget_type=\"spacer.default\">\n\t\t\t\t<div class=\"elementor-widget-container\">\n\t\t\t\t\t\t\t<div class=\"elementor-spacer\">\n\t\t\t<div class=\"elementor-spacer-inner\"><\/div>\n\t\t<\/div>\n\t\t\t\t\t\t<\/div>\n\t\t\t\t<\/div>\n\t\t\t\t\t<\/div>\n\t\t<\/div>\n\t\t\t\t<div class=\"elementor-column elementor-col-50 elementor-inner-column elementor-element elementor-element-e435017\" data-id=\"e435017\" data-element_type=\"column\" data-e-type=\"column\">\n\t\t\t<div class=\"elementor-widget-wrap elementor-element-populated\">\n\t\t\t\t\t\t<div class=\"elementor-element elementor-element-2086ad8 elementor-widget elementor-widget-text-editor\" data-id=\"2086ad8\" data-element_type=\"widget\" data-e-type=\"widget\" data-widget_type=\"text-editor.default\">\n\t\t\t\t<div class=\"elementor-widget-container\">\n\t\t\t\t\t\t\t\t\t<p>DE-PARK<\/p>\t\t\t\t\t\t\t\t<\/div>\n\t\t\t\t<\/div>\n\t\t\t\t<div class=\"elementor-element elementor-element-97d57ea elementor-widget-divider--view-line elementor-widget elementor-widget-divider\" data-id=\"97d57ea\" data-element_type=\"widget\" data-e-type=\"widget\" data-widget_type=\"divider.default\">\n\t\t\t\t<div class=\"elementor-widget-container\">\n\t\t\t\t\t\t\t<div class=\"elementor-divider\">\n\t\t\t<span class=\"elementor-divider-separator\">\n\t\t\t\t\t\t<\/span>\n\t\t<\/div>\n\t\t\t\t\t\t<\/div>\n\t\t\t\t<\/div>\n\t\t\t\t<div class=\"elementor-element elementor-element-85de226 elementor-widget elementor-widget-text-editor\" data-id=\"85de226\" data-element_type=\"widget\" data-e-type=\"widget\" data-widget_type=\"text-editor.default\">\n\t\t\t\t<div class=\"elementor-widget-container\">\n\t\t\t\t\t\t\t\t\t<p>FABRICANTE <br \/>DE SISTEMAS DE APARCAMIENTO<\/p>\t\t\t\t\t\t\t\t<\/div>\n\t\t\t\t<\/div>\n\t\t\t\t\t<\/div>\n\t\t<\/div>\n\t\t\t\t\t<\/div>\n\t\t<\/section>\n\t\t\t\t\t<\/div>\n\t\t<\/div>\n\t\t\t\t\t<\/div>\n\t\t<\/section>\n\t\t\t\t<section class=\"elementor-section elementor-top-section elementor-element elementor-element-b543c8b elementor-section-boxed elementor-section-height-default elementor-section-height-default\" data-id=\"b543c8b\" data-element_type=\"section\" data-e-type=\"section\">\n\t\t\t\t\t\t<div class=\"elementor-container elementor-column-gap-wider\">\n\t\t\t\t\t<div class=\"elementor-column elementor-col-50 elementor-top-column elementor-element elementor-element-9d82b39\" data-id=\"9d82b39\" data-element_type=\"column\" data-e-type=\"column\">\n\t\t\t<div class=\"elementor-widget-wrap elementor-element-populated\">\n\t\t\t\t\t\t<div class=\"elementor-element elementor-element-26c40a6 elementor-widget elementor-widget-heading\" data-id=\"26c40a6\" data-element_type=\"widget\" data-e-type=\"widget\" data-widget_type=\"heading.default\">\n\t\t\t\t<div class=\"elementor-widget-container\">\n\t\t\t\t\t<h2 class=\"elementor-heading-title elementor-size-default\">VISI\u00d3N<\/h2>\t\t\t\t<\/div>\n\t\t\t\t<\/div>\n\t\t\t\t<div class=\"elementor-element elementor-element-f288e8c elementor-widget elementor-widget-text-editor\" data-id=\"f288e8c\" data-element_type=\"widget\" data-e-type=\"widget\" data-widget_type=\"text-editor.default\">\n\t\t\t\t<div class=\"elementor-widget-container\">\n\t\t\t\t\t\t\t\t\t<h1>Desarrollo y fabricaci\u00f3n de sistemas de estacionamiento de autom\u00f3viles: para cada \u00e1rea de aplicaci\u00f3n, mano de obra de alta calidad, f\u00e1cil de planificar y ensamblar, adecuado para casi todos los requisitos estructurales, operaci\u00f3n segura y confiable, con ese cierto extra de comodidad.<\/h1><h1>Con esta visi\u00f3n y sobre la base de muchos a\u00f1os de experiencia, se ha conformado un equipo con experiencia en la industria.<\/h1>\t\t\t\t\t\t\t\t<\/div>\n\t\t\t\t<\/div>\n\t\t\t\t\t<\/div>\n\t\t<\/div>\n\t\t\t\t<div class=\"elementor-column elementor-col-50 elementor-top-column elementor-element elementor-element-080faa4\" data-id=\"080faa4\" data-element_type=\"column\" data-e-type=\"column\">\n\t\t\t<div class=\"elementor-widget-wrap elementor-element-populated\">\n\t\t\t\t\t\t<div class=\"elementor-element elementor-element-0a16139 elementor-widget elementor-widget-heading\" data-id=\"0a16139\" data-element_type=\"widget\" data-e-type=\"widget\" data-widget_type=\"heading.default\">\n\t\t\t\t<div class=\"elementor-widget-container\">\n\t\t\t\t\t<h2 class=\"elementor-heading-title elementor-size-default\">MISI\u00d3N<\/h2>\t\t\t\t<\/div>\n\t\t\t\t<\/div>\n\t\t\t\t<div class=\"elementor-element elementor-element-e612603 elementor-widget elementor-widget-text-editor\" data-id=\"e612603\" data-element_type=\"widget\" data-e-type=\"widget\" data-widget_type=\"text-editor.default\">\n\t\t\t\t<div class=\"elementor-widget-container\">\n\t\t\t\t\t\t\t\t\t<h1>Ingenieros con m\u00e1s de 15 a\u00f1os de experiencia en el dise\u00f1o y fabricaci\u00f3n de sistemas de estacionamiento de autom\u00f3viles han creado una gama de soluciones innovadoras de estacionamiento de nueva generaci\u00f3n.<\/h1><h1>Conceptos de estacionamiento con visi\u00f3n de futuro para m\u00e1s seguridad, m\u00e1s eficiencia y, sobre todo, m\u00e1s facilidad de uso. Nuestros contactos en ventas le ofrecen asesoramiento competente y profesional. Porque su satisfacci\u00f3n es nuestro objetivo.<\/h1>\t\t\t\t\t\t\t\t<\/div>\n\t\t\t\t<\/div>\n\t\t\t\t\t<\/div>\n\t\t<\/div>\n\t\t\t\t\t<\/div>\n\t\t<\/section>\n\t\t\t\t<section class=\"elementor-section elementor-top-section elementor-element elementor-element-5b9623e0 elementor-section-boxed elementor-section-height-default elementor-section-height-default\" data-id=\"5b9623e0\" data-element_type=\"section\" data-e-type=\"section\">\n\t\t\t\t\t\t<div class=\"elementor-container elementor-column-gap-default\">\n\t\t\t\t\t<div class=\"elementor-column elementor-col-50 elementor-top-column elementor-element elementor-element-6bd073d\" data-id=\"6bd073d\" data-element_type=\"column\" data-e-type=\"column\" data-settings=\"{&quot;background_background&quot;:&quot;classic&quot;}\">\n\t\t\t<div class=\"elementor-widget-wrap elementor-element-populated\">\n\t\t\t\t\t\t<div class=\"elementor-element elementor-element-1cac8599 elementor-widget elementor-widget-spacer\" data-id=\"1cac8599\" data-element_type=\"widget\" data-e-type=\"widget\" data-widget_type=\"spacer.default\">\n\t\t\t\t<div class=\"elementor-widget-container\">\n\t\t\t\t\t\t\t<div class=\"elementor-spacer\">\n\t\t\t<div class=\"elementor-spacer-inner\"><\/div>\n\t\t<\/div>\n\t\t\t\t\t\t<\/div>\n\t\t\t\t<\/div>\n\t\t\t\t\t<\/div>\n\t\t<\/div>\n\t\t\t\t<div class=\"elementor-column elementor-col-50 elementor-top-column elementor-element elementor-element-287bfc70\" data-id=\"287bfc70\" data-element_type=\"column\" data-e-type=\"column\" data-settings=\"{&quot;background_background&quot;:&quot;classic&quot;}\">\n\t\t\t<div class=\"elementor-widget-wrap elementor-element-populated\">\n\t\t\t\t\t\t<div class=\"elementor-element elementor-element-4aa95702 elementor-widget elementor-widget-heading\" data-id=\"4aa95702\" data-element_type=\"widget\" data-e-type=\"widget\" data-widget_type=\"heading.default\">\n\t\t\t\t<div class=\"elementor-widget-container\">\n\t\t\t\t\t<h2 class=\"elementor-heading-title elementor-size-default\">INGENIERIA<\/h2>\t\t\t\t<\/div>\n\t\t\t\t<\/div>\n\t\t\t\t<div class=\"elementor-element elementor-element-64a127b2 elementor-widget elementor-widget-text-editor\" data-id=\"64a127b2\" data-element_type=\"widget\" data-e-type=\"widget\" data-widget_type=\"text-editor.default\">\n\t\t\t\t<div class=\"elementor-widget-container\">\n\t\t\t\t\t\t\t\t\t<p>Nuestros ingenieros experimentados desarrollan soluciones innovadoras para simplificar su planificaci\u00f3n y hacer que el estacionamiento diario sea m\u00e1s f\u00e1cil para los usuarios. Confiamos en tecnolog\u00eda probada, combinada con una construcci\u00f3n y un equipo innovadores. Nos ocupamos de temas sostenibles, como la tecnolog\u00eda de carga para veh\u00edculos el\u00e9ctricos, y tambi\u00e9n nos complace tener en cuenta los deseos individuales de nuestros clientes.<\/p>\t\t\t\t\t\t\t\t<\/div>\n\t\t\t\t<\/div>\n\t\t\t\t\t<\/div>\n\t\t<\/div>\n\t\t\t\t\t<\/div>\n\t\t<\/section>\n\t\t\t\t<section class=\"elementor-section elementor-top-section elementor-element elementor-element-14c93728 elementor-reverse-mobile elementor-section-boxed elementor-section-height-default elementor-section-height-default\" data-id=\"14c93728\" data-element_type=\"section\" data-e-type=\"section\">\n\t\t\t\t\t\t<div class=\"elementor-container elementor-column-gap-default\">\n\t\t\t\t\t<div class=\"elementor-column elementor-col-50 elementor-top-column elementor-element elementor-element-d948656\" data-id=\"d948656\" data-element_type=\"column\" data-e-type=\"column\" data-settings=\"{&quot;background_background&quot;:&quot;classic&quot;}\">\n\t\t\t<div class=\"elementor-widget-wrap elementor-element-populated\">\n\t\t\t\t\t\t<div class=\"elementor-element elementor-element-3dc802c9 elementor-widget elementor-widget-heading\" data-id=\"3dc802c9\" data-element_type=\"widget\" data-e-type=\"widget\" data-widget_type=\"heading.default\">\n\t\t\t\t<div class=\"elementor-widget-container\">\n\t\t\t\t\t<h2 class=\"elementor-heading-title elementor-size-default\">HECHO EN ALEMANIA<\/h2>\t\t\t\t<\/div>\n\t\t\t\t<\/div>\n\t\t\t\t<div class=\"elementor-element elementor-element-381a200 elementor-widget elementor-widget-text-editor\" data-id=\"381a200\" data-element_type=\"widget\" data-e-type=\"widget\" data-widget_type=\"text-editor.default\">\n\t\t\t\t<div class=\"elementor-widget-container\">\n\t\t\t\t\t\t\t\t\t<p>La producci\u00f3n de nuestros sistemas y componentes se lleva a cabo en Alemania para cumplir con los requisitos de m\u00e1xima calidad de nuestros productos. Cooperamos con fabricantes de renombre y conocidos que tienen las competencias b\u00e1sicas adecuadas en los procesos de producci\u00f3n individuales. El premontaje y el control de calidad se llevan a cabo en nuestra planta de producci\u00f3n en Leipzig. Ning\u00fan sistema sale de planta antes de que se haya puesto a prueba para su instalaci\u00f3n en su sitio.<\/p>\t\t\t\t\t\t\t\t<\/div>\n\t\t\t\t<\/div>\n\t\t\t\t\t<\/div>\n\t\t<\/div>\n\t\t\t\t<div class=\"elementor-column elementor-col-50 elementor-top-column elementor-element elementor-element-2575a2b2\" data-id=\"2575a2b2\" data-element_type=\"column\" data-e-type=\"column\" data-settings=\"{&quot;background_background&quot;:&quot;classic&quot;}\">\n\t\t\t<div class=\"elementor-widget-wrap elementor-element-populated\">\n\t\t\t\t\t\t<div class=\"elementor-element elementor-element-4cc618c7 elementor-widget elementor-widget-spacer\" data-id=\"4cc618c7\" data-element_type=\"widget\" data-e-type=\"widget\" data-widget_type=\"spacer.default\">\n\t\t\t\t<div class=\"elementor-widget-container\">\n\t\t\t\t\t\t\t<div class=\"elementor-spacer\">\n\t\t\t<div class=\"elementor-spacer-inner\"><\/div>\n\t\t<\/div>\n\t\t\t\t\t\t<\/div>\n\t\t\t\t<\/div>\n\t\t\t\t\t<\/div>\n\t\t<\/div>\n\t\t\t\t\t<\/div>\n\t\t<\/section>\n\t\t\t\t<section class=\"elementor-section elementor-top-section elementor-element elementor-element-4345fa37 elementor-section-boxed elementor-section-height-default elementor-section-height-default\" data-id=\"4345fa37\" data-element_type=\"section\" data-e-type=\"section\">\n\t\t\t\t\t\t<div class=\"elementor-container elementor-column-gap-default\">\n\t\t\t\t\t<div class=\"elementor-column elementor-col-50 elementor-top-column elementor-element elementor-element-684add4\" data-id=\"684add4\" data-element_type=\"column\" data-e-type=\"column\" data-settings=\"{&quot;background_background&quot;:&quot;classic&quot;}\">\n\t\t\t<div class=\"elementor-widget-wrap elementor-element-populated\">\n\t\t\t\t\t\t<div class=\"elementor-element elementor-element-23e302ef elementor-widget elementor-widget-spacer\" data-id=\"23e302ef\" data-element_type=\"widget\" data-e-type=\"widget\" data-widget_type=\"spacer.default\">\n\t\t\t\t<div class=\"elementor-widget-container\">\n\t\t\t\t\t\t\t<div class=\"elementor-spacer\">\n\t\t\t<div class=\"elementor-spacer-inner\"><\/div>\n\t\t<\/div>\n\t\t\t\t\t\t<\/div>\n\t\t\t\t<\/div>\n\t\t\t\t\t<\/div>\n\t\t<\/div>\n\t\t\t\t<div class=\"elementor-column elementor-col-50 elementor-top-column elementor-element elementor-element-5b5797f6\" data-id=\"5b5797f6\" data-element_type=\"column\" data-e-type=\"column\" data-settings=\"{&quot;background_background&quot;:&quot;classic&quot;}\">\n\t\t\t<div class=\"elementor-widget-wrap elementor-element-populated\">\n\t\t\t\t\t\t<div class=\"elementor-element elementor-element-5e414a81 elementor-widget elementor-widget-heading\" data-id=\"5e414a81\" data-element_type=\"widget\" data-e-type=\"widget\" data-widget_type=\"heading.default\">\n\t\t\t\t<div class=\"elementor-widget-container\">\n\t\t\t\t\t<h2 class=\"elementor-heading-title elementor-size-default\">INNOVACI\u00d3N PARA EL FUTURO<\/h2>\t\t\t\t<\/div>\n\t\t\t\t<\/div>\n\t\t\t\t<div class=\"elementor-element elementor-element-4ddcd945 elementor-widget elementor-widget-text-editor\" data-id=\"4ddcd945\" data-element_type=\"widget\" data-e-type=\"widget\" data-widget_type=\"text-editor.default\">\n\t\t\t\t<div class=\"elementor-widget-container\">\n\t\t\t\t\t\t\t\t\t<p>Buscamos nuevas soluciones innovadoras que enriquezcan y simplifiquen la vida de nuestros clientes, desde la planificaci\u00f3n de un sistema de estacionamiento hasta la instalaci\u00f3n. Estamos abriendo nuevos caminos y con nuestras soluciones le ofrecemos m\u00e1s seguridad, m\u00e1s eficiencia y, sobre todo, una mayor facilidad de uso.<\/p>\t\t\t\t\t\t\t\t<\/div>\n\t\t\t\t<\/div>\n\t\t\t\t\t<\/div>\n\t\t<\/div>\n\t\t\t\t\t<\/div>\n\t\t<\/section>\n\t\t\t\t<section class=\"elementor-section elementor-top-section elementor-element elementor-element-f8c41ea elementor-section-boxed elementor-section-height-default elementor-section-height-default\" data-id=\"f8c41ea\" data-element_type=\"section\" data-e-type=\"section\">\n\t\t\t\t\t\t<div class=\"elementor-container elementor-column-gap-default\">\n\t\t\t\t\t<div class=\"elementor-column elementor-col-100 elementor-top-column elementor-element elementor-element-a8938ac\" data-id=\"a8938ac\" data-element_type=\"column\" data-e-type=\"column\">\n\t\t\t<div class=\"elementor-widget-wrap elementor-element-populated\">\n\t\t\t\t\t\t<div class=\"elementor-element elementor-element-acb5d1f elementor-widget elementor-widget-spacer\" data-id=\"acb5d1f\" data-element_type=\"widget\" data-e-type=\"widget\" data-widget_type=\"spacer.default\">\n\t\t\t\t<div class=\"elementor-widget-container\">\n\t\t\t\t\t\t\t<div class=\"elementor-spacer\">\n\t\t\t<div class=\"elementor-spacer-inner\"><\/div>\n\t\t<\/div>\n\t\t\t\t\t\t<\/div>\n\t\t\t\t<\/div>\n\t\t\t\t\t<\/div>\n\t\t<\/div>\n\t\t\t\t\t<\/div>\n\t\t<\/section>\n\t\t\t\t<\/div>\n\t\t","protected":false},"excerpt":{"rendered":"<p>DE-PARK FABRICANTE DE SISTEMAS DE APARCAMIENTO VISI\u00d3N Desarrollo y fabricaci\u00f3n de sistemas de estacionamiento de autom\u00f3viles: para cada \u00e1rea de aplicaci\u00f3n, mano de obra de alta calidad, f\u00e1cil de planificar y ensamblar, adecuado para casi todos los requisitos estructurales, operaci\u00f3n segura y confiable, con ese cierto extra de comodidad. Con esta visi\u00f3n y sobre la &hellip; <\/p>\n<p class=\"link-more\"><a href=\"https:\/\/de-park.com\/es\/acerca-de-de-park\/\" class=\"more-link\">Continuar leyendo<span class=\"screen-reader-text\"> \u00abAcerca de DE-PARK\u00bb<\/span><\/a><\/p>\n","protected":false},"author":2,"featured_media":9698,"parent":0,"menu_order":0,"comment_status":"closed","ping_status":"closed","template":"elementor_header_footer","meta":{"footnotes":""},"class_list":["post-10045","page","type-page","status-publish","has-post-thumbnail","hentry"],"yoast_head":"<!-- This site is optimized with the Yoast SEO plugin v25.6 - https:\/\/yoast.com\/wordpress\/plugins\/seo\/ -->\n<title>DE-PARK \ud83d\ude98 Sistemas de estacionamiento Made in Germany | Sobre nosotros<\/title>\n<meta name=\"description\" content=\"DE-PARK se fund\u00f3 para crear una nueva atm\u00f3sfera de creatividad e innovaci\u00f3n para los sistemas de estacionamiento \u2705\" \/>\n<meta name=\"robots\" content=\"index, follow, max-snippet:-1, max-image-preview:large, max-video-preview:-1\" \/>\n<link rel=\"canonical\" href=\"https:\/\/de-park.com\/es\/acerca-de-de-park\/\" \/>\n<meta property=\"og:locale\" content=\"es_ES\" \/>\n<meta property=\"og:type\" content=\"article\" \/>\n<meta property=\"og:title\" content=\"DE-PARK \ud83d\ude98 Sistemas de estacionamiento Made in Germany | Sobre nosotros\" \/>\n<meta property=\"og:description\" content=\"DE-PARK se fund\u00f3 para crear una nueva atm\u00f3sfera de creatividad e innovaci\u00f3n para los sistemas de estacionamiento \u2705\" \/>\n<meta property=\"og:url\" content=\"https:\/\/de-park.com\/es\/acerca-de-de-park\/\" \/>\n<meta property=\"og:site_name\" content=\"DE-PARK\" \/>\n<meta property=\"article:modified_time\" content=\"2024-03-14T09:30:42+00:00\" \/>\n<meta property=\"og:image\" content=\"https:\/\/de-park.com\/wp-content\/uploads\/2020\/02\/Website-Icon-2.png\" \/>\n\t<meta property=\"og:image:width\" content=\"512\" \/>\n\t<meta property=\"og:image:height\" content=\"512\" \/>\n\t<meta property=\"og:image:type\" content=\"image\/png\" \/>\n<meta name=\"twitter:card\" content=\"summary_large_image\" \/>\n<script type=\"application\/ld+json\" class=\"yoast-schema-graph\">{\"@context\":\"https:\/\/schema.org\",\"@graph\":[{\"@type\":\"WebPage\",\"@id\":\"https:\/\/de-park.com\/es\/acerca-de-de-park\/\",\"url\":\"https:\/\/de-park.com\/es\/acerca-de-de-park\/\",\"name\":\"DE-PARK \ud83d\ude98 Sistemas de estacionamiento Made in Germany | Sobre nosotros\",\"isPartOf\":{\"@id\":\"https:\/\/de-park.com\/#website\"},\"primaryImageOfPage\":{\"@id\":\"https:\/\/de-park.com\/es\/acerca-de-de-park\/#primaryimage\"},\"image\":{\"@id\":\"https:\/\/de-park.com\/es\/acerca-de-de-park\/#primaryimage\"},\"thumbnailUrl\":\"https:\/\/de-park.com\/wp-content\/uploads\/2020\/02\/Website-Icon-2.png\",\"datePublished\":\"2022-03-08T13:54:16+00:00\",\"dateModified\":\"2024-03-14T09:30:42+00:00\",\"description\":\"DE-PARK se fund\u00f3 para crear una nueva atm\u00f3sfera de creatividad e innovaci\u00f3n para los sistemas de estacionamiento \u2705\",\"breadcrumb\":{\"@id\":\"https:\/\/de-park.com\/es\/acerca-de-de-park\/#breadcrumb\"},\"inLanguage\":\"es\",\"potentialAction\":[{\"@type\":\"ReadAction\",\"target\":[\"https:\/\/de-park.com\/es\/acerca-de-de-park\/\"]}]},{\"@type\":\"ImageObject\",\"inLanguage\":\"es\",\"@id\":\"https:\/\/de-park.com\/es\/acerca-de-de-park\/#primaryimage\",\"url\":\"https:\/\/de-park.com\/wp-content\/uploads\/2020\/02\/Website-Icon-2.png\",\"contentUrl\":\"https:\/\/de-park.com\/wp-content\/uploads\/2020\/02\/Website-Icon-2.png\",\"width\":512,\"height\":512,\"caption\":\"Logotipo DE PARQUE\"},{\"@type\":\"BreadcrumbList\",\"@id\":\"https:\/\/de-park.com\/es\/acerca-de-de-park\/#breadcrumb\",\"itemListElement\":[{\"@type\":\"ListItem\",\"position\":1,\"name\":\"Home\",\"item\":\"https:\/\/de-park.com\/es\/\"},{\"@type\":\"ListItem\",\"position\":2,\"name\":\"Acerca de DE-PARK\"}]},{\"@type\":\"WebSite\",\"@id\":\"https:\/\/de-park.com\/#website\",\"url\":\"https:\/\/de-park.com\/\",\"name\":\"DE-PARK\",\"description\":\"FASZINIEREND. EINFACH. PARKEN.\",\"publisher\":{\"@id\":\"https:\/\/de-park.com\/#organization\"},\"potentialAction\":[{\"@type\":\"SearchAction\",\"target\":{\"@type\":\"EntryPoint\",\"urlTemplate\":\"https:\/\/de-park.com\/?s={search_term_string}\"},\"query-input\":{\"@type\":\"PropertyValueSpecification\",\"valueRequired\":true,\"valueName\":\"search_term_string\"}}],\"inLanguage\":\"es\"},{\"@type\":\"Organization\",\"@id\":\"https:\/\/de-park.com\/#organization\",\"name\":\"DE PARK\",\"url\":\"https:\/\/de-park.com\/\",\"logo\":{\"@type\":\"ImageObject\",\"inLanguage\":\"es\",\"@id\":\"https:\/\/de-park.com\/#\/schema\/logo\/image\/\",\"url\":\"https:\/\/de-park.com\/wp-content\/uploads\/2021\/08\/DE-PARK_Logo_V2020_ohne-Slogan.png\",\"contentUrl\":\"https:\/\/de-park.com\/wp-content\/uploads\/2021\/08\/DE-PARK_Logo_V2020_ohne-Slogan.png\",\"width\":1311,\"height\":663,\"caption\":\"DE PARK\"},\"image\":{\"@id\":\"https:\/\/de-park.com\/#\/schema\/logo\/image\/\"}}]}<\/script>\n<!-- \/ Yoast SEO plugin. -->","yoast_head_json":{"title":"DE-PARK \ud83d\ude98 Sistemas de estacionamiento Made in Germany | Sobre nosotros","description":"DE-PARK se fund\u00f3 para crear una nueva atm\u00f3sfera de creatividad e innovaci\u00f3n para los sistemas de estacionamiento \u2705","robots":{"index":"index","follow":"follow","max-snippet":"max-snippet:-1","max-image-preview":"max-image-preview:large","max-video-preview":"max-video-preview:-1"},"canonical":"https:\/\/de-park.com\/es\/acerca-de-de-park\/","og_locale":"es_ES","og_type":"article","og_title":"DE-PARK \ud83d\ude98 Sistemas de estacionamiento Made in Germany | Sobre nosotros","og_description":"DE-PARK se fund\u00f3 para crear una nueva atm\u00f3sfera de creatividad e innovaci\u00f3n para los sistemas de estacionamiento \u2705","og_url":"https:\/\/de-park.com\/es\/acerca-de-de-park\/","og_site_name":"DE-PARK","article_modified_time":"2024-03-14T09:30:42+00:00","og_image":[{"width":512,"height":512,"url":"https:\/\/de-park.com\/wp-content\/uploads\/2020\/02\/Website-Icon-2.png","type":"image\/png"}],"twitter_card":"summary_large_image","schema":{"@context":"https:\/\/schema.org","@graph":[{"@type":"WebPage","@id":"https:\/\/de-park.com\/es\/acerca-de-de-park\/","url":"https:\/\/de-park.com\/es\/acerca-de-de-park\/","name":"DE-PARK \ud83d\ude98 Sistemas de estacionamiento Made in Germany | Sobre nosotros","isPartOf":{"@id":"https:\/\/de-park.com\/#website"},"primaryImageOfPage":{"@id":"https:\/\/de-park.com\/es\/acerca-de-de-park\/#primaryimage"},"image":{"@id":"https:\/\/de-park.com\/es\/acerca-de-de-park\/#primaryimage"},"thumbnailUrl":"https:\/\/de-park.com\/wp-content\/uploads\/2020\/02\/Website-Icon-2.png","datePublished":"2022-03-08T13:54:16+00:00","dateModified":"2024-03-14T09:30:42+00:00","description":"DE-PARK se fund\u00f3 para crear una nueva atm\u00f3sfera de creatividad e innovaci\u00f3n para los sistemas de estacionamiento \u2705","breadcrumb":{"@id":"https:\/\/de-park.com\/es\/acerca-de-de-park\/#breadcrumb"},"inLanguage":"es","potentialAction":[{"@type":"ReadAction","target":["https:\/\/de-park.com\/es\/acerca-de-de-park\/"]}]},{"@type":"ImageObject","inLanguage":"es","@id":"https:\/\/de-park.com\/es\/acerca-de-de-park\/#primaryimage","url":"https:\/\/de-park.com\/wp-content\/uploads\/2020\/02\/Website-Icon-2.png","contentUrl":"https:\/\/de-park.com\/wp-content\/uploads\/2020\/02\/Website-Icon-2.png","width":512,"height":512,"caption":"Logotipo DE PARQUE"},{"@type":"BreadcrumbList","@id":"https:\/\/de-park.com\/es\/acerca-de-de-park\/#breadcrumb","itemListElement":[{"@type":"ListItem","position":1,"name":"Home","item":"https:\/\/de-park.com\/es\/"},{"@type":"ListItem","position":2,"name":"Acerca de DE-PARK"}]},{"@type":"WebSite","@id":"https:\/\/de-park.com\/#website","url":"https:\/\/de-park.com\/","name":"DE-PARK","description":"FASZINIEREND. EINFACH. PARKEN.","publisher":{"@id":"https:\/\/de-park.com\/#organization"},"potentialAction":[{"@type":"SearchAction","target":{"@type":"EntryPoint","urlTemplate":"https:\/\/de-park.com\/?s={search_term_string}"},"query-input":{"@type":"PropertyValueSpecification","valueRequired":true,"valueName":"search_term_string"}}],"inLanguage":"es"},{"@type":"Organization","@id":"https:\/\/de-park.com\/#organization","name":"DE PARK","url":"https:\/\/de-park.com\/","logo":{"@type":"ImageObject","inLanguage":"es","@id":"https:\/\/de-park.com\/#\/schema\/logo\/image\/","url":"https:\/\/de-park.com\/wp-content\/uploads\/2021\/08\/DE-PARK_Logo_V2020_ohne-Slogan.png","contentUrl":"https:\/\/de-park.com\/wp-content\/uploads\/2021\/08\/DE-PARK_Logo_V2020_ohne-Slogan.png","width":1311,"height":663,"caption":"DE PARK"},"image":{"@id":"https:\/\/de-park.com\/#\/schema\/logo\/image\/"}}]}},"_links":{"self":[{"href":"https:\/\/de-park.com\/es\/wp-json\/wp\/v2\/pages\/10045"}],"collection":[{"href":"https:\/\/de-park.com\/es\/wp-json\/wp\/v2\/pages"}],"about":[{"href":"https:\/\/de-park.com\/es\/wp-json\/wp\/v2\/types\/page"}],"author":[{"embeddable":true,"href":"https:\/\/de-park.com\/es\/wp-json\/wp\/v2\/users\/2"}],"replies":[{"embeddable":true,"href":"https:\/\/de-park.com\/es\/wp-json\/wp\/v2\/comments?post=10045"}],"version-history":[{"count":38,"href":"https:\/\/de-park.com\/es\/wp-json\/wp\/v2\/pages\/10045\/revisions"}],"predecessor-version":[{"id":16009,"href":"https:\/\/de-park.com\/es\/wp-json\/wp\/v2\/pages\/10045\/revisions\/16009"}],"wp:featuredmedia":[{"embeddable":true,"href":"https:\/\/de-park.com\/es\/wp-json\/wp\/v2\/media\/9698"}],"wp:attachment":[{"href":"https:\/\/de-park.com\/es\/wp-json\/wp\/v2\/media?parent=10045"}],"curies":[{"name":"wp","href":"https:\/\/api.w.org\/{rel}","templated":true}]}}