{"id":10043,"date":"2022-03-08T14:53:45","date_gmt":"2022-03-08T13:53:45","guid":{"rendered":"https:\/\/de-park.com\/servicio\/"},"modified":"2024-03-14T11:39:01","modified_gmt":"2024-03-14T10:39:01","slug":"servicio","status":"publish","type":"page","link":"https:\/\/de-park.com\/es\/servicio\/","title":{"rendered":"Servicio"},"content":{"rendered":"\t\t<div data-elementor-type=\"wp-page\" data-elementor-id=\"10043\" class=\"elementor elementor-10043 elementor-3901\" data-elementor-post-type=\"page\">\n\t\t\t\t\t\t<section class=\"elementor-section elementor-top-section elementor-element elementor-element-1b9852c elementor-section-content-middle elementor-reverse-mobile elementor-section-boxed elementor-section-height-default elementor-section-height-default\" data-id=\"1b9852c\" data-element_type=\"section\" data-e-type=\"section\">\n\t\t\t\t\t\t<div class=\"elementor-container elementor-column-gap-default\">\n\t\t\t\t\t<div class=\"elementor-column elementor-col-100 elementor-top-column elementor-element elementor-element-2772652\" data-id=\"2772652\" data-element_type=\"column\" data-e-type=\"column\" data-settings=\"{&quot;background_background&quot;:&quot;classic&quot;}\">\n\t\t\t<div class=\"elementor-widget-wrap elementor-element-populated\">\n\t\t\t\t\t\t<section class=\"elementor-section elementor-inner-section elementor-element elementor-element-d06041d elementor-section-boxed elementor-section-height-default elementor-section-height-default\" data-id=\"d06041d\" data-element_type=\"section\" data-e-type=\"section\">\n\t\t\t\t\t\t<div class=\"elementor-container elementor-column-gap-default\">\n\t\t\t\t\t<div class=\"elementor-column elementor-col-50 elementor-inner-column elementor-element elementor-element-af07e6b\" data-id=\"af07e6b\" data-element_type=\"column\" data-e-type=\"column\">\n\t\t\t<div class=\"elementor-widget-wrap elementor-element-populated\">\n\t\t\t\t\t\t<div class=\"elementor-element elementor-element-95acc9d elementor-widget elementor-widget-spacer\" data-id=\"95acc9d\" data-element_type=\"widget\" data-e-type=\"widget\" data-widget_type=\"spacer.default\">\n\t\t\t\t<div class=\"elementor-widget-container\">\n\t\t\t\t\t\t\t<div class=\"elementor-spacer\">\n\t\t\t<div class=\"elementor-spacer-inner\"><\/div>\n\t\t<\/div>\n\t\t\t\t\t\t<\/div>\n\t\t\t\t<\/div>\n\t\t\t\t\t<\/div>\n\t\t<\/div>\n\t\t\t\t<div class=\"elementor-column elementor-col-50 elementor-inner-column elementor-element elementor-element-687586a\" data-id=\"687586a\" data-element_type=\"column\" data-e-type=\"column\">\n\t\t\t<div class=\"elementor-widget-wrap elementor-element-populated\">\n\t\t\t\t\t\t<div class=\"elementor-element elementor-element-4b33c56 elementor-widget elementor-widget-text-editor\" data-id=\"4b33c56\" data-element_type=\"widget\" data-e-type=\"widget\" data-widget_type=\"text-editor.default\">\n\t\t\t\t<div class=\"elementor-widget-container\">\n\t\t\t\t\t\t\t\t\t<p>DE-PARK<\/p>\t\t\t\t\t\t\t\t<\/div>\n\t\t\t\t<\/div>\n\t\t\t\t<div class=\"elementor-element elementor-element-5530b4e elementor-widget-divider--view-line elementor-widget elementor-widget-divider\" data-id=\"5530b4e\" data-element_type=\"widget\" data-e-type=\"widget\" data-widget_type=\"divider.default\">\n\t\t\t\t<div class=\"elementor-widget-container\">\n\t\t\t\t\t\t\t<div class=\"elementor-divider\">\n\t\t\t<span class=\"elementor-divider-separator\">\n\t\t\t\t\t\t<\/span>\n\t\t<\/div>\n\t\t\t\t\t\t<\/div>\n\t\t\t\t<\/div>\n\t\t\t\t<div class=\"elementor-element elementor-element-9c4ddf0 elementor-widget elementor-widget-text-editor\" data-id=\"9c4ddf0\" data-element_type=\"widget\" data-e-type=\"widget\" data-widget_type=\"text-editor.default\">\n\t\t\t\t<div class=\"elementor-widget-container\">\n\t\t\t\t\t\t\t\t\t<p>servicio<\/p>\t\t\t\t\t\t\t\t<\/div>\n\t\t\t\t<\/div>\n\t\t\t\t\t<\/div>\n\t\t<\/div>\n\t\t\t\t\t<\/div>\n\t\t<\/section>\n\t\t\t\t\t<\/div>\n\t\t<\/div>\n\t\t\t\t\t<\/div>\n\t\t<\/section>\n\t\t\t\t<section class=\"elementor-section elementor-top-section elementor-element elementor-element-4f092af elementor-section-boxed elementor-section-height-default elementor-section-height-default\" data-id=\"4f092af\" data-element_type=\"section\" data-e-type=\"section\">\n\t\t\t\t\t\t<div class=\"elementor-container elementor-column-gap-default\">\n\t\t\t\t\t<div class=\"elementor-column elementor-col-100 elementor-top-column elementor-element elementor-element-1a4572b\" data-id=\"1a4572b\" data-element_type=\"column\" data-e-type=\"column\">\n\t\t\t<div class=\"elementor-widget-wrap elementor-element-populated\">\n\t\t\t\t\t\t<div class=\"elementor-element elementor-element-e924037 elementor-widget elementor-widget-heading\" data-id=\"e924037\" data-element_type=\"widget\" data-e-type=\"widget\" data-widget_type=\"heading.default\">\n\t\t\t\t<div class=\"elementor-widget-container\">\n\t\t\t\t\t<h3 class=\"elementor-heading-title elementor-size-default\">Nuestros servicios<\/h3>\t\t\t\t<\/div>\n\t\t\t\t<\/div>\n\t\t\t\t\t<\/div>\n\t\t<\/div>\n\t\t\t\t\t<\/div>\n\t\t<\/section>\n\t\t\t\t<section class=\"elementor-section elementor-top-section elementor-element elementor-element-7a159df elementor-section-boxed elementor-section-height-default elementor-section-height-default\" data-id=\"7a159df\" data-element_type=\"section\" data-e-type=\"section\">\n\t\t\t\t\t\t<div class=\"elementor-container elementor-column-gap-default\">\n\t\t\t\t\t<div class=\"elementor-column elementor-col-100 elementor-top-column elementor-element elementor-element-ae42028\" data-id=\"ae42028\" data-element_type=\"column\" data-e-type=\"column\">\n\t\t\t<div class=\"elementor-widget-wrap elementor-element-populated\">\n\t\t\t\t\t\t<div class=\"elementor-element elementor-element-cd0e77b elementor-widget elementor-widget-heading\" data-id=\"cd0e77b\" data-element_type=\"widget\" data-e-type=\"widget\" data-widget_type=\"heading.default\">\n\t\t\t\t<div class=\"elementor-widget-container\">\n\t\t\t\t\t<h3 class=\"elementor-heading-title elementor-size-default\">Ayuda rapida. Consultor\u00eda competente. Ejecuci\u00f3n fiable. Convincente.<\/h3>\t\t\t\t<\/div>\n\t\t\t\t<\/div>\n\t\t\t\t\t<\/div>\n\t\t<\/div>\n\t\t\t\t\t<\/div>\n\t\t<\/section>\n\t\t\t\t<section class=\"elementor-section elementor-top-section elementor-element elementor-element-1d8b282 elementor-section-height-min-height elementor-section-boxed elementor-section-height-default elementor-section-items-middle\" data-id=\"1d8b282\" data-element_type=\"section\" data-e-type=\"section\">\n\t\t\t\t\t\t<div class=\"elementor-container elementor-column-gap-default\">\n\t\t\t\t\t<div class=\"elementor-column elementor-col-100 elementor-top-column elementor-element elementor-element-c2bf152\" data-id=\"c2bf152\" data-element_type=\"column\" data-e-type=\"column\" data-settings=\"{&quot;background_background&quot;:&quot;classic&quot;}\">\n\t\t\t<div class=\"elementor-widget-wrap elementor-element-populated\">\n\t\t\t\t\t\t<div class=\"elementor-element elementor-element-a887965 elementor-widget elementor-widget-text-editor\" data-id=\"a887965\" data-element_type=\"widget\" data-e-type=\"widget\" data-widget_type=\"text-editor.default\">\n\t\t\t\t<div class=\"elementor-widget-container\">\n\t\t\t\t\t\t\t\t\t<p>\u00abCuidamos de sus sistemas despu\u00e9s de la instalaci\u00f3n y ofrecemos conceptos de servicio integrales para una larga vida \u00fatil y una operaci\u00f3n sin preocupaciones\u00bb.<\/p>\t\t\t\t\t\t\t\t<\/div>\n\t\t\t\t<\/div>\n\t\t\t\t\t<\/div>\n\t\t<\/div>\n\t\t\t\t\t<\/div>\n\t\t<\/section>\n\t\t\t\t<section class=\"elementor-section elementor-top-section elementor-element elementor-element-4b3e556 elementor-section-boxed elementor-section-height-default elementor-section-height-default\" data-id=\"4b3e556\" data-element_type=\"section\" data-e-type=\"section\">\n\t\t\t\t\t\t<div class=\"elementor-container elementor-column-gap-default\">\n\t\t\t\t\t<div class=\"elementor-column elementor-col-100 elementor-top-column elementor-element elementor-element-75718a0\" data-id=\"75718a0\" data-element_type=\"column\" data-e-type=\"column\">\n\t\t\t<div class=\"elementor-widget-wrap elementor-element-populated\">\n\t\t\t\t\t\t<div class=\"elementor-element elementor-element-ff60bfc elementor-align-start elementor-icon-list--layout-traditional elementor-list-item-link-full_width elementor-widget elementor-widget-icon-list\" data-id=\"ff60bfc\" data-element_type=\"widget\" data-e-type=\"widget\" data-widget_type=\"icon-list.default\">\n\t\t\t\t<div class=\"elementor-widget-container\">\n\t\t\t\t\t\t\t<ul class=\"elementor-icon-list-items\">\n\t\t\t\t\t\t\t<li class=\"elementor-icon-list-item\">\n\t\t\t\t\t\t\t\t\t\t\t<span class=\"elementor-icon-list-icon\">\n\t\t\t\t\t\t\t<svg aria-hidden=\"true\" class=\"e-font-icon-svg e-fas-check\" viewBox=\"0 0 512 512\" xmlns=\"http:\/\/www.w3.org\/2000\/svg\"><path d=\"M173.898 439.404l-166.4-166.4c-9.997-9.997-9.997-26.206 0-36.204l36.203-36.204c9.997-9.998 26.207-9.998 36.204 0L192 312.69 432.095 72.596c9.997-9.997 26.207-9.997 36.204 0l36.203 36.204c9.997 9.997 9.997 26.206 0 36.204l-294.4 294.401c-9.998 9.997-26.207 9.997-36.204-.001z\"><\/path><\/svg>\t\t\t\t\t\t<\/span>\n\t\t\t\t\t\t\t\t\t\t<span class=\"elementor-icon-list-text\">Asesoramiento y soporte de servicios profesionales.<\/span>\n\t\t\t\t\t\t\t\t\t<\/li>\n\t\t\t\t\t\t\t\t<li class=\"elementor-icon-list-item\">\n\t\t\t\t\t\t\t\t\t\t\t<span class=\"elementor-icon-list-icon\">\n\t\t\t\t\t\t\t<svg aria-hidden=\"true\" class=\"e-font-icon-svg e-fas-check\" viewBox=\"0 0 512 512\" xmlns=\"http:\/\/www.w3.org\/2000\/svg\"><path d=\"M173.898 439.404l-166.4-166.4c-9.997-9.997-9.997-26.206 0-36.204l36.203-36.204c9.997-9.998 26.207-9.998 36.204 0L192 312.69 432.095 72.596c9.997-9.997 26.207-9.997 36.204 0l36.203 36.204c9.997 9.997 9.997 26.206 0 36.204l-294.4 294.401c-9.998 9.997-26.207 9.997-36.204-.001z\"><\/path><\/svg>\t\t\t\t\t\t<\/span>\n\t\t\t\t\t\t\t\t\t\t<span class=\"elementor-icon-list-text\">Mantenimiento y servicio<\/span>\n\t\t\t\t\t\t\t\t\t<\/li>\n\t\t\t\t\t\t\t\t<li class=\"elementor-icon-list-item\">\n\t\t\t\t\t\t\t\t\t\t\t<span class=\"elementor-icon-list-icon\">\n\t\t\t\t\t\t\t<svg aria-hidden=\"true\" class=\"e-font-icon-svg e-fas-check\" viewBox=\"0 0 512 512\" xmlns=\"http:\/\/www.w3.org\/2000\/svg\"><path d=\"M173.898 439.404l-166.4-166.4c-9.997-9.997-9.997-26.206 0-36.204l36.203-36.204c9.997-9.998 26.207-9.998 36.204 0L192 312.69 432.095 72.596c9.997-9.997 26.207-9.997 36.204 0l36.203 36.204c9.997 9.997 9.997 26.206 0 36.204l-294.4 294.401c-9.998 9.997-26.207 9.997-36.204-.001z\"><\/path><\/svg>\t\t\t\t\t\t<\/span>\n\t\t\t\t\t\t\t\t\t\t<span class=\"elementor-icon-list-text\">Entrega de repuestos en poco tiempo<\/span>\n\t\t\t\t\t\t\t\t\t<\/li>\n\t\t\t\t\t\t\t\t<li class=\"elementor-icon-list-item\">\n\t\t\t\t\t\t\t\t\t\t\t<span class=\"elementor-icon-list-icon\">\n\t\t\t\t\t\t\t<svg aria-hidden=\"true\" class=\"e-font-icon-svg e-fas-check\" viewBox=\"0 0 512 512\" xmlns=\"http:\/\/www.w3.org\/2000\/svg\"><path d=\"M173.898 439.404l-166.4-166.4c-9.997-9.997-9.997-26.206 0-36.204l36.203-36.204c9.997-9.998 26.207-9.998 36.204 0L192 312.69 432.095 72.596c9.997-9.997 26.207-9.997 36.204 0l36.203 36.204c9.997 9.997 9.997 26.206 0 36.204l-294.4 294.401c-9.998 9.997-26.207 9.997-36.204-.001z\"><\/path><\/svg>\t\t\t\t\t\t<\/span>\n\t\t\t\t\t\t\t\t\t\t<span class=\"elementor-icon-list-text\">Teleservicio (an\u00e1lisis online + diagn\u00f3stico y control remoto opcional) <\/span>\n\t\t\t\t\t\t\t\t\t<\/li>\n\t\t\t\t\t\t<\/ul>\n\t\t\t\t\t\t<\/div>\n\t\t\t\t<\/div>\n\t\t\t\t<div class=\"elementor-element elementor-element-58deeca elementor-widget elementor-widget-spacer\" data-id=\"58deeca\" data-element_type=\"widget\" data-e-type=\"widget\" data-widget_type=\"spacer.default\">\n\t\t\t\t<div class=\"elementor-widget-container\">\n\t\t\t\t\t\t\t<div class=\"elementor-spacer\">\n\t\t\t<div class=\"elementor-spacer-inner\"><\/div>\n\t\t<\/div>\n\t\t\t\t\t\t<\/div>\n\t\t\t\t<\/div>\n\t\t\t\t<div class=\"elementor-element elementor-element-5a09ed2 elementor-widget elementor-widget-text-editor\" data-id=\"5a09ed2\" data-element_type=\"widget\" data-e-type=\"widget\" data-widget_type=\"text-editor.default\">\n\t\t\t\t<div class=\"elementor-widget-container\">\n\t\t\t\t\t\t\t\t\t<h1>Cooperamos con una red mundial de representantes para la entrega, instalaci\u00f3n y soporte de servicio en casi todos los pa\u00edses. Nuestros socios est\u00e1n especializados en el negocio del estacionamiento y conocen los requisitos locales espec\u00edficos.<\/h1>\t\t\t\t\t\t\t\t<\/div>\n\t\t\t\t<\/div>\n\t\t\t\t<div class=\"elementor-element elementor-element-3ba1943 elementor-widget elementor-widget-spacer\" data-id=\"3ba1943\" data-element_type=\"widget\" data-e-type=\"widget\" data-widget_type=\"spacer.default\">\n\t\t\t\t<div class=\"elementor-widget-container\">\n\t\t\t\t\t\t\t<div class=\"elementor-spacer\">\n\t\t\t<div class=\"elementor-spacer-inner\"><\/div>\n\t\t<\/div>\n\t\t\t\t\t\t<\/div>\n\t\t\t\t<\/div>\n\t\t\t\t\t<\/div>\n\t\t<\/div>\n\t\t\t\t\t<\/div>\n\t\t<\/section>\n\t\t\t\t<section class=\"elementor-section elementor-top-section elementor-element elementor-element-b077d77 elementor-section-boxed elementor-section-height-default elementor-section-height-default\" data-id=\"b077d77\" data-element_type=\"section\" data-e-type=\"section\">\n\t\t\t\t\t\t<div class=\"elementor-container elementor-column-gap-default\">\n\t\t\t\t\t<div class=\"elementor-column elementor-col-100 elementor-top-column elementor-element elementor-element-ccacabb\" data-id=\"ccacabb\" data-element_type=\"column\" data-e-type=\"column\">\n\t\t\t<div class=\"elementor-widget-wrap\">\n\t\t\t\t\t\t\t<\/div>\n\t\t<\/div>\n\t\t\t\t\t<\/div>\n\t\t<\/section>\n\t\t\t\t<\/div>\n\t\t","protected":false},"excerpt":{"rendered":"<p>DE-PARK servicio Nuestros servicios Ayuda rapida. Consultor\u00eda competente. Ejecuci\u00f3n fiable. Convincente. \u00abCuidamos de sus sistemas despu\u00e9s de la instalaci\u00f3n y ofrecemos conceptos de servicio integrales para una larga vida \u00fatil y una operaci\u00f3n sin preocupaciones\u00bb. Asesoramiento y soporte de servicios profesionales. Mantenimiento y servicio Entrega de repuestos en poco tiempo Teleservicio (an\u00e1lisis online + diagn\u00f3stico &hellip; <\/p>\n<p class=\"link-more\"><a href=\"https:\/\/de-park.com\/es\/servicio\/\" class=\"more-link\">Continuar leyendo<span class=\"screen-reader-text\"> \u00abServicio\u00bb<\/span><\/a><\/p>\n","protected":false},"author":7,"featured_media":0,"parent":0,"menu_order":0,"comment_status":"closed","ping_status":"closed","template":"elementor_header_footer","meta":{"footnotes":""},"class_list":["post-10043","page","type-page","status-publish","hentry"],"yoast_head":"<!-- This site is optimized with the Yoast SEO plugin v25.6 - https:\/\/yoast.com\/wordpress\/plugins\/seo\/ -->\n<title>Servicio - DE-PARK<\/title>\n<meta name=\"robots\" content=\"noindex, nofollow\" \/>\n<meta property=\"og:locale\" content=\"es_ES\" \/>\n<meta property=\"og:type\" content=\"article\" \/>\n<meta property=\"og:title\" content=\"Servicio - DE-PARK\" \/>\n<meta property=\"og:description\" content=\"DE-PARK servicio Nuestros servicios Ayuda rapida. Consultor\u00eda competente. Ejecuci\u00f3n fiable. Convincente. \u00abCuidamos de sus sistemas despu\u00e9s de la instalaci\u00f3n y ofrecemos conceptos de servicio integrales para una larga vida \u00fatil y una operaci\u00f3n sin preocupaciones\u00bb. Asesoramiento y soporte de servicios profesionales. Mantenimiento y servicio Entrega de repuestos en poco tiempo Teleservicio (an\u00e1lisis online + diagn\u00f3stico &hellip; Continuar leyendo &quot;Servicio&quot;\" \/>\n<meta property=\"og:url\" content=\"https:\/\/de-park.com\/es\/servicio\/\" \/>\n<meta property=\"og:site_name\" content=\"DE-PARK\" \/>\n<meta property=\"article:modified_time\" content=\"2024-03-14T10:39:01+00:00\" \/>\n<meta name=\"twitter:card\" content=\"summary_large_image\" \/>\n<script type=\"application\/ld+json\" class=\"yoast-schema-graph\">{\"@context\":\"https:\/\/schema.org\",\"@graph\":[{\"@type\":\"WebPage\",\"@id\":\"https:\/\/de-park.com\/es\/servicio\/\",\"url\":\"https:\/\/de-park.com\/es\/servicio\/\",\"name\":\"Servicio - DE-PARK\",\"isPartOf\":{\"@id\":\"https:\/\/de-park.com\/#website\"},\"datePublished\":\"2022-03-08T13:53:45+00:00\",\"dateModified\":\"2024-03-14T10:39:01+00:00\",\"breadcrumb\":{\"@id\":\"https:\/\/de-park.com\/es\/servicio\/#breadcrumb\"},\"inLanguage\":\"es\",\"potentialAction\":[{\"@type\":\"ReadAction\",\"target\":[\"https:\/\/de-park.com\/es\/servicio\/\"]}]},{\"@type\":\"BreadcrumbList\",\"@id\":\"https:\/\/de-park.com\/es\/servicio\/#breadcrumb\",\"itemListElement\":[{\"@type\":\"ListItem\",\"position\":1,\"name\":\"Home\",\"item\":\"https:\/\/de-park.com\/es\/\"},{\"@type\":\"ListItem\",\"position\":2,\"name\":\"Servicio\"}]},{\"@type\":\"WebSite\",\"@id\":\"https:\/\/de-park.com\/#website\",\"url\":\"https:\/\/de-park.com\/\",\"name\":\"DE-PARK\",\"description\":\"FASZINIEREND. EINFACH. PARKEN.\",\"publisher\":{\"@id\":\"https:\/\/de-park.com\/#organization\"},\"potentialAction\":[{\"@type\":\"SearchAction\",\"target\":{\"@type\":\"EntryPoint\",\"urlTemplate\":\"https:\/\/de-park.com\/?s={search_term_string}\"},\"query-input\":{\"@type\":\"PropertyValueSpecification\",\"valueRequired\":true,\"valueName\":\"search_term_string\"}}],\"inLanguage\":\"es\"},{\"@type\":\"Organization\",\"@id\":\"https:\/\/de-park.com\/#organization\",\"name\":\"DE PARK\",\"url\":\"https:\/\/de-park.com\/\",\"logo\":{\"@type\":\"ImageObject\",\"inLanguage\":\"es\",\"@id\":\"https:\/\/de-park.com\/#\/schema\/logo\/image\/\",\"url\":\"https:\/\/de-park.com\/wp-content\/uploads\/2021\/08\/DE-PARK_Logo_V2020_ohne-Slogan.png\",\"contentUrl\":\"https:\/\/de-park.com\/wp-content\/uploads\/2021\/08\/DE-PARK_Logo_V2020_ohne-Slogan.png\",\"width\":1311,\"height\":663,\"caption\":\"DE PARK\"},\"image\":{\"@id\":\"https:\/\/de-park.com\/#\/schema\/logo\/image\/\"}}]}<\/script>\n<!-- \/ Yoast SEO plugin. -->","yoast_head_json":{"title":"Servicio - DE-PARK","robots":{"index":"noindex","follow":"nofollow"},"og_locale":"es_ES","og_type":"article","og_title":"Servicio - DE-PARK","og_description":"DE-PARK servicio Nuestros servicios Ayuda rapida. Consultor\u00eda competente. Ejecuci\u00f3n fiable. Convincente. \u00abCuidamos de sus sistemas despu\u00e9s de la instalaci\u00f3n y ofrecemos conceptos de servicio integrales para una larga vida \u00fatil y una operaci\u00f3n sin preocupaciones\u00bb. Asesoramiento y soporte de servicios profesionales. Mantenimiento y servicio Entrega de repuestos en poco tiempo Teleservicio (an\u00e1lisis online + diagn\u00f3stico &hellip; Continuar leyendo \"Servicio\"","og_url":"https:\/\/de-park.com\/es\/servicio\/","og_site_name":"DE-PARK","article_modified_time":"2024-03-14T10:39:01+00:00","twitter_card":"summary_large_image","schema":{"@context":"https:\/\/schema.org","@graph":[{"@type":"WebPage","@id":"https:\/\/de-park.com\/es\/servicio\/","url":"https:\/\/de-park.com\/es\/servicio\/","name":"Servicio - DE-PARK","isPartOf":{"@id":"https:\/\/de-park.com\/#website"},"datePublished":"2022-03-08T13:53:45+00:00","dateModified":"2024-03-14T10:39:01+00:00","breadcrumb":{"@id":"https:\/\/de-park.com\/es\/servicio\/#breadcrumb"},"inLanguage":"es","potentialAction":[{"@type":"ReadAction","target":["https:\/\/de-park.com\/es\/servicio\/"]}]},{"@type":"BreadcrumbList","@id":"https:\/\/de-park.com\/es\/servicio\/#breadcrumb","itemListElement":[{"@type":"ListItem","position":1,"name":"Home","item":"https:\/\/de-park.com\/es\/"},{"@type":"ListItem","position":2,"name":"Servicio"}]},{"@type":"WebSite","@id":"https:\/\/de-park.com\/#website","url":"https:\/\/de-park.com\/","name":"DE-PARK","description":"FASZINIEREND. EINFACH. PARKEN.","publisher":{"@id":"https:\/\/de-park.com\/#organization"},"potentialAction":[{"@type":"SearchAction","target":{"@type":"EntryPoint","urlTemplate":"https:\/\/de-park.com\/?s={search_term_string}"},"query-input":{"@type":"PropertyValueSpecification","valueRequired":true,"valueName":"search_term_string"}}],"inLanguage":"es"},{"@type":"Organization","@id":"https:\/\/de-park.com\/#organization","name":"DE PARK","url":"https:\/\/de-park.com\/","logo":{"@type":"ImageObject","inLanguage":"es","@id":"https:\/\/de-park.com\/#\/schema\/logo\/image\/","url":"https:\/\/de-park.com\/wp-content\/uploads\/2021\/08\/DE-PARK_Logo_V2020_ohne-Slogan.png","contentUrl":"https:\/\/de-park.com\/wp-content\/uploads\/2021\/08\/DE-PARK_Logo_V2020_ohne-Slogan.png","width":1311,"height":663,"caption":"DE PARK"},"image":{"@id":"https:\/\/de-park.com\/#\/schema\/logo\/image\/"}}]}},"_links":{"self":[{"href":"https:\/\/de-park.com\/es\/wp-json\/wp\/v2\/pages\/10043"}],"collection":[{"href":"https:\/\/de-park.com\/es\/wp-json\/wp\/v2\/pages"}],"about":[{"href":"https:\/\/de-park.com\/es\/wp-json\/wp\/v2\/types\/page"}],"author":[{"embeddable":true,"href":"https:\/\/de-park.com\/es\/wp-json\/wp\/v2\/users\/7"}],"replies":[{"embeddable":true,"href":"https:\/\/de-park.com\/es\/wp-json\/wp\/v2\/comments?post=10043"}],"version-history":[{"count":52,"href":"https:\/\/de-park.com\/es\/wp-json\/wp\/v2\/pages\/10043\/revisions"}],"predecessor-version":[{"id":16157,"href":"https:\/\/de-park.com\/es\/wp-json\/wp\/v2\/pages\/10043\/revisions\/16157"}],"wp:attachment":[{"href":"https:\/\/de-park.com\/es\/wp-json\/wp\/v2\/media?parent=10043"}],"curies":[{"name":"wp","href":"https:\/\/api.w.org\/{rel}","templated":true}]}}