{"id":10041,"date":"2022-03-08T14:52:27","date_gmt":"2022-03-08T13:52:27","guid":{"rendered":"https:\/\/de-park.com\/ventajas\/"},"modified":"2024-03-14T11:39:33","modified_gmt":"2024-03-14T10:39:33","slug":"ventajas","status":"publish","type":"page","link":"https:\/\/de-park.com\/es\/ventajas\/","title":{"rendered":"Ventajas"},"content":{"rendered":"\t\t<div data-elementor-type=\"wp-post\" data-elementor-id=\"10041\" class=\"elementor elementor-10041 elementor-840\" data-elementor-post-type=\"page\">\n\t\t\t\t\t\t<section class=\"elementor-section elementor-top-section elementor-element elementor-element-77c50eda elementor-section-content-middle elementor-reverse-mobile elementor-section-boxed elementor-section-height-default elementor-section-height-default\" data-id=\"77c50eda\" data-element_type=\"section\" data-e-type=\"section\">\n\t\t\t\t\t\t<div class=\"elementor-container elementor-column-gap-default\">\n\t\t\t\t\t<div class=\"elementor-column elementor-col-100 elementor-top-column elementor-element elementor-element-1de8d6db\" data-id=\"1de8d6db\" data-element_type=\"column\" data-e-type=\"column\" data-settings=\"{&quot;background_background&quot;:&quot;classic&quot;}\">\n\t\t\t<div class=\"elementor-widget-wrap elementor-element-populated\">\n\t\t\t\t\t\t<section class=\"elementor-section elementor-inner-section elementor-element elementor-element-32794789 elementor-section-boxed elementor-section-height-default elementor-section-height-default\" data-id=\"32794789\" data-element_type=\"section\" data-e-type=\"section\">\n\t\t\t\t\t\t<div class=\"elementor-container elementor-column-gap-default\">\n\t\t\t\t\t<div class=\"elementor-column elementor-col-50 elementor-inner-column elementor-element elementor-element-cc1b714\" data-id=\"cc1b714\" data-element_type=\"column\" data-e-type=\"column\">\n\t\t\t<div class=\"elementor-widget-wrap elementor-element-populated\">\n\t\t\t\t\t\t<div class=\"elementor-element elementor-element-3ad0b45c elementor-widget elementor-widget-spacer\" data-id=\"3ad0b45c\" data-element_type=\"widget\" data-e-type=\"widget\" data-widget_type=\"spacer.default\">\n\t\t\t\t<div class=\"elementor-widget-container\">\n\t\t\t\t\t\t\t<div class=\"elementor-spacer\">\n\t\t\t<div class=\"elementor-spacer-inner\"><\/div>\n\t\t<\/div>\n\t\t\t\t\t\t<\/div>\n\t\t\t\t<\/div>\n\t\t\t\t\t<\/div>\n\t\t<\/div>\n\t\t\t\t<div class=\"elementor-column elementor-col-50 elementor-inner-column elementor-element elementor-element-bf82475\" data-id=\"bf82475\" data-element_type=\"column\" data-e-type=\"column\">\n\t\t\t<div class=\"elementor-widget-wrap elementor-element-populated\">\n\t\t\t\t\t\t<div class=\"elementor-element elementor-element-1d91c18 elementor-widget elementor-widget-text-editor\" data-id=\"1d91c18\" data-element_type=\"widget\" data-e-type=\"widget\" data-widget_type=\"text-editor.default\">\n\t\t\t\t<div class=\"elementor-widget-container\">\n\t\t\t\t\t\t\t\t\t<p>DE PARK<\/p>\t\t\t\t\t\t\t\t<\/div>\n\t\t\t\t<\/div>\n\t\t\t\t<div class=\"elementor-element elementor-element-10aeb96 elementor-widget-divider--view-line elementor-widget elementor-widget-divider\" data-id=\"10aeb96\" data-element_type=\"widget\" data-e-type=\"widget\" data-widget_type=\"divider.default\">\n\t\t\t\t<div class=\"elementor-widget-container\">\n\t\t\t\t\t\t\t<div class=\"elementor-divider\">\n\t\t\t<span class=\"elementor-divider-separator\">\n\t\t\t\t\t\t<\/span>\n\t\t<\/div>\n\t\t\t\t\t\t<\/div>\n\t\t\t\t<\/div>\n\t\t\t\t<div class=\"elementor-element elementor-element-53d1f0b elementor-widget elementor-widget-text-editor\" data-id=\"53d1f0b\" data-element_type=\"widget\" data-e-type=\"widget\" data-widget_type=\"text-editor.default\">\n\t\t\t\t<div class=\"elementor-widget-container\">\n\t\t\t\t\t\t\t\t\t<p>VENTAJAS SEGURAS<\/p>\t\t\t\t\t\t\t\t<\/div>\n\t\t\t\t<\/div>\n\t\t\t\t\t<\/div>\n\t\t<\/div>\n\t\t\t\t\t<\/div>\n\t\t<\/section>\n\t\t\t\t\t<\/div>\n\t\t<\/div>\n\t\t\t\t\t<\/div>\n\t\t<\/section>\n\t\t\t\t<section class=\"elementor-section elementor-top-section elementor-element elementor-element-67a9073a elementor-section-height-min-height elementor-section-boxed elementor-section-height-default elementor-section-items-middle\" data-id=\"67a9073a\" data-element_type=\"section\" data-e-type=\"section\">\n\t\t\t\t\t\t<div class=\"elementor-container elementor-column-gap-default\">\n\t\t\t\t\t<div class=\"elementor-column elementor-col-100 elementor-top-column elementor-element elementor-element-16fd3ee3\" data-id=\"16fd3ee3\" data-element_type=\"column\" data-e-type=\"column\" data-settings=\"{&quot;background_background&quot;:&quot;classic&quot;}\">\n\t\t\t<div class=\"elementor-widget-wrap elementor-element-populated\">\n\t\t\t\t\t\t<div class=\"elementor-element elementor-element-69647511 elementor-widget elementor-widget-text-editor\" data-id=\"69647511\" data-element_type=\"widget\" data-e-type=\"widget\" data-widget_type=\"text-editor.default\">\n\t\t\t\t<div class=\"elementor-widget-container\">\n\t\t\t\t\t\t\t\t\t<p>\u201cEl contacto personal con usted y la simple implementaci\u00f3n de su proyecto de construcci\u00f3n es nuestra principal prioridad. Porque su satisfacci\u00f3n es nuestro objetivo.\u201d<\/p>\t\t\t\t\t\t\t\t<\/div>\n\t\t\t\t<\/div>\n\t\t\t\t\t<\/div>\n\t\t<\/div>\n\t\t\t\t\t<\/div>\n\t\t<\/section>\n\t\t\t\t<section class=\"elementor-section elementor-top-section elementor-element elementor-element-dc74df8 elementor-section-boxed elementor-section-height-default elementor-section-height-default\" data-id=\"dc74df8\" data-element_type=\"section\" data-e-type=\"section\">\n\t\t\t\t\t\t<div class=\"elementor-container elementor-column-gap-default\">\n\t\t\t\t\t<div class=\"elementor-column elementor-col-50 elementor-top-column elementor-element elementor-element-1e241b94\" data-id=\"1e241b94\" data-element_type=\"column\" data-e-type=\"column\" data-settings=\"{&quot;background_background&quot;:&quot;classic&quot;}\">\n\t\t\t<div class=\"elementor-widget-wrap elementor-element-populated\">\n\t\t\t\t\t<div class=\"elementor-background-overlay\"><\/div>\n\t\t\t\t\t\t<div class=\"elementor-element elementor-element-6abddd2c elementor-widget elementor-widget-spacer\" data-id=\"6abddd2c\" data-element_type=\"widget\" data-e-type=\"widget\" data-widget_type=\"spacer.default\">\n\t\t\t\t<div class=\"elementor-widget-container\">\n\t\t\t\t\t\t\t<div class=\"elementor-spacer\">\n\t\t\t<div class=\"elementor-spacer-inner\"><\/div>\n\t\t<\/div>\n\t\t\t\t\t\t<\/div>\n\t\t\t\t<\/div>\n\t\t\t\t\t<\/div>\n\t\t<\/div>\n\t\t\t\t<div class=\"elementor-column elementor-col-50 elementor-top-column elementor-element elementor-element-6de3359b\" data-id=\"6de3359b\" data-element_type=\"column\" data-e-type=\"column\" data-settings=\"{&quot;background_background&quot;:&quot;classic&quot;}\">\n\t\t\t<div class=\"elementor-widget-wrap elementor-element-populated\">\n\t\t\t\t\t\t<div class=\"elementor-element elementor-element-2231f66b elementor-widget elementor-widget-heading\" data-id=\"2231f66b\" data-element_type=\"widget\" data-e-type=\"widget\" data-widget_type=\"heading.default\">\n\t\t\t\t<div class=\"elementor-widget-container\">\n\t\t\t\t\t<h2 class=\"elementor-heading-title elementor-size-default\">PLANIFICACI\u00d3N F\u00c1CIL<\/h2>\t\t\t\t<\/div>\n\t\t\t\t<\/div>\n\t\t\t\t<div class=\"elementor-element elementor-element-51cba772 elementor-widget elementor-widget-text-editor\" data-id=\"51cba772\" data-element_type=\"widget\" data-e-type=\"widget\" data-widget_type=\"text-editor.default\">\n\t\t\t\t<div class=\"elementor-widget-container\">\n\t\t\t\t\t\t\t\t\t<p>Gracias a nuestra amplia gama de productos le ofrecemos la soluci\u00f3n \u00f3ptima para la necesidad de cada proyecto. El dise\u00f1o estilizado de nuestros sistemas de aparcamiento se adapta a casi cualquier requisito estructural. Ya sea para edificios nuevos o existentes, nuestro equipo de ingenier\u00eda est\u00e1 a la altura de cualquier desaf\u00edo que podamos ayudarlo a resolver.<\/p>\t\t\t\t\t\t\t\t<\/div>\n\t\t\t\t<\/div>\n\t\t\t\t\t<\/div>\n\t\t<\/div>\n\t\t\t\t\t<\/div>\n\t\t<\/section>\n\t\t\t\t<section class=\"elementor-section elementor-top-section elementor-element elementor-element-2494ed5 elementor-reverse-mobile elementor-section-boxed elementor-section-height-default elementor-section-height-default\" data-id=\"2494ed5\" data-element_type=\"section\" data-e-type=\"section\">\n\t\t\t\t\t\t<div class=\"elementor-container elementor-column-gap-default\">\n\t\t\t\t\t<div class=\"elementor-column elementor-col-50 elementor-top-column elementor-element elementor-element-1efc082\" data-id=\"1efc082\" data-element_type=\"column\" data-e-type=\"column\" data-settings=\"{&quot;background_background&quot;:&quot;classic&quot;}\">\n\t\t\t<div class=\"elementor-widget-wrap elementor-element-populated\">\n\t\t\t\t\t\t<div class=\"elementor-element elementor-element-1fb187c7 elementor-widget elementor-widget-heading\" data-id=\"1fb187c7\" data-element_type=\"widget\" data-e-type=\"widget\" data-widget_type=\"heading.default\">\n\t\t\t\t<div class=\"elementor-widget-container\">\n\t\t\t\t\t<h2 class=\"elementor-heading-title elementor-size-default\">F\u00c1CIL INSTALACI\u00d3N<\/h2>\t\t\t\t<\/div>\n\t\t\t\t<\/div>\n\t\t\t\t<div class=\"elementor-element elementor-element-10d2e749 elementor-widget elementor-widget-text-editor\" data-id=\"10d2e749\" data-element_type=\"widget\" data-e-type=\"widget\" data-widget_type=\"text-editor.default\">\n\t\t\t\t<div class=\"elementor-widget-container\">\n\t\t\t\t\t\t\t\t\t<p>Una instalaci\u00f3n sencilla y r\u00e1pida ahorra tiempo y reduce costes. Nuestros sistemas de estacionamiento de autom\u00f3viles se preparan y perfeccionan en nuestro sitio de producci\u00f3n para una f\u00e1cil instalaci\u00f3n y log\u00edstica. La construcci\u00f3n de piezas minimizadas crea una operaci\u00f3n de configuraci\u00f3n muy simple para usted. Seguimos buscando nuevos enfoques para simplificar el proceso de instalaci\u00f3n.<\/p>\t\t\t\t\t\t\t\t<\/div>\n\t\t\t\t<\/div>\n\t\t\t\t\t<\/div>\n\t\t<\/div>\n\t\t\t\t<div class=\"elementor-column elementor-col-50 elementor-top-column elementor-element elementor-element-4f7d01a9\" data-id=\"4f7d01a9\" data-element_type=\"column\" data-e-type=\"column\" data-settings=\"{&quot;background_background&quot;:&quot;classic&quot;}\">\n\t\t\t<div class=\"elementor-widget-wrap elementor-element-populated\">\n\t\t\t\t\t\t<div class=\"elementor-element elementor-element-5ed0ffa7 elementor-widget elementor-widget-spacer\" data-id=\"5ed0ffa7\" data-element_type=\"widget\" data-e-type=\"widget\" data-widget_type=\"spacer.default\">\n\t\t\t\t<div class=\"elementor-widget-container\">\n\t\t\t\t\t\t\t<div class=\"elementor-spacer\">\n\t\t\t<div class=\"elementor-spacer-inner\"><\/div>\n\t\t<\/div>\n\t\t\t\t\t\t<\/div>\n\t\t\t\t<\/div>\n\t\t\t\t\t<\/div>\n\t\t<\/div>\n\t\t\t\t\t<\/div>\n\t\t<\/section>\n\t\t\t\t<section class=\"elementor-section elementor-top-section elementor-element elementor-element-3bce63e6 elementor-section-boxed elementor-section-height-default elementor-section-height-default\" data-id=\"3bce63e6\" data-element_type=\"section\" data-e-type=\"section\" data-settings=\"{&quot;background_background&quot;:&quot;classic&quot;}\">\n\t\t\t\t\t\t<div class=\"elementor-container elementor-column-gap-default\">\n\t\t\t\t\t<div class=\"elementor-column elementor-col-50 elementor-top-column elementor-element elementor-element-e735a4f\" data-id=\"e735a4f\" data-element_type=\"column\" data-e-type=\"column\" data-settings=\"{&quot;background_background&quot;:&quot;classic&quot;}\">\n\t\t\t<div class=\"elementor-widget-wrap elementor-element-populated\">\n\t\t\t\t\t\t<div class=\"elementor-element elementor-element-1d35f47b elementor-widget elementor-widget-spacer\" data-id=\"1d35f47b\" data-element_type=\"widget\" data-e-type=\"widget\" data-widget_type=\"spacer.default\">\n\t\t\t\t<div class=\"elementor-widget-container\">\n\t\t\t\t\t\t\t<div class=\"elementor-spacer\">\n\t\t\t<div class=\"elementor-spacer-inner\"><\/div>\n\t\t<\/div>\n\t\t\t\t\t\t<\/div>\n\t\t\t\t<\/div>\n\t\t\t\t\t<\/div>\n\t\t<\/div>\n\t\t\t\t<div class=\"elementor-column elementor-col-50 elementor-top-column elementor-element elementor-element-157a699b\" data-id=\"157a699b\" data-element_type=\"column\" data-e-type=\"column\" data-settings=\"{&quot;background_background&quot;:&quot;classic&quot;}\">\n\t\t\t<div class=\"elementor-widget-wrap elementor-element-populated\">\n\t\t\t\t\t\t<div class=\"elementor-element elementor-element-7b80bccb elementor-widget elementor-widget-heading\" data-id=\"7b80bccb\" data-element_type=\"widget\" data-e-type=\"widget\" data-widget_type=\"heading.default\">\n\t\t\t\t<div class=\"elementor-widget-container\">\n\t\t\t\t\t<h2 class=\"elementor-heading-title elementor-size-default\">OPERACI\u00d3N F\u00c1CIL<\/h2>\t\t\t\t<\/div>\n\t\t\t\t<\/div>\n\t\t\t\t<div class=\"elementor-element elementor-element-21315ce2 elementor-widget elementor-widget-text-editor\" data-id=\"21315ce2\" data-element_type=\"widget\" data-e-type=\"widget\" data-widget_type=\"text-editor.default\">\n\t\t\t\t<div class=\"elementor-widget-container\">\n\t\t\t\t\t\t\t\t\t<p>Libre de preocupaci\u00f3n. Estaciona y vete. Ahorra un tiempo precioso.<\/p><p>El c\u00f3modo equipamiento b\u00e1sico de todos nuestros sistemas de estacionamiento hace que la operaci\u00f3n sea muy f\u00e1cil. La tecnolog\u00eda comprobada que se ha utilizado con \u00e9xito durante muchos a\u00f1os garantiza una operaci\u00f3n segura y confiable.<\/p><p><strong>DE-PARK.<\/strong> Estacionamiento. Sorprendentemente sencillo.<\/p>\t\t\t\t\t\t\t\t<\/div>\n\t\t\t\t<\/div>\n\t\t\t\t\t<\/div>\n\t\t<\/div>\n\t\t\t\t\t<\/div>\n\t\t<\/section>\n\t\t\t\t<section class=\"elementor-section elementor-top-section elementor-element elementor-element-20f1d1e elementor-section-boxed elementor-section-height-default elementor-section-height-default\" data-id=\"20f1d1e\" data-element_type=\"section\" data-e-type=\"section\">\n\t\t\t\t\t\t<div class=\"elementor-container elementor-column-gap-default\">\n\t\t\t\t\t<div class=\"elementor-column elementor-col-100 elementor-top-column elementor-element elementor-element-fedd661\" data-id=\"fedd661\" data-element_type=\"column\" data-e-type=\"column\">\n\t\t\t<div class=\"elementor-widget-wrap\">\n\t\t\t\t\t\t\t<\/div>\n\t\t<\/div>\n\t\t\t\t\t<\/div>\n\t\t<\/section>\n\t\t\t\t<\/div>\n\t\t","protected":false},"excerpt":{"rendered":"<p>DE PARK VENTAJAS SEGURAS \u201cEl contacto personal con usted y la simple implementaci\u00f3n de su proyecto de construcci\u00f3n es nuestra principal prioridad. Porque su satisfacci\u00f3n es nuestro objetivo.\u201d PLANIFICACI\u00d3N F\u00c1CIL Gracias a nuestra amplia gama de productos le ofrecemos la soluci\u00f3n \u00f3ptima para la necesidad de cada proyecto. El dise\u00f1o estilizado de nuestros sistemas de &hellip; <\/p>\n<p class=\"link-more\"><a href=\"https:\/\/de-park.com\/es\/ventajas\/\" class=\"more-link\">Continuar leyendo<span class=\"screen-reader-text\"> \u00abVentajas\u00bb<\/span><\/a><\/p>\n","protected":false},"author":2,"featured_media":9745,"parent":0,"menu_order":0,"comment_status":"closed","ping_status":"closed","template":"elementor_header_footer","meta":{"footnotes":""},"class_list":["post-10041","page","type-page","status-publish","has-post-thumbnail","hentry"],"yoast_head":"<!-- This site is optimized with the Yoast SEO plugin v25.6 - https:\/\/yoast.com\/wordpress\/plugins\/seo\/ -->\n<title>DE-PARK \ud83d\ude98 Sistemas de estacionamiento | Nuestro servicio es su ventaja<\/title>\n<meta name=\"description\" content=\"Nuestra innovadora tecnolog\u00eda hace que la planificaci\u00f3n, instalaci\u00f3n y operaci\u00f3n de los sistemas de estacionamiento sea m\u00e1s f\u00e1cil y eficiente que nunca \u2705\" \/>\n<meta name=\"robots\" content=\"index, follow, max-snippet:-1, max-image-preview:large, max-video-preview:-1\" \/>\n<link rel=\"canonical\" href=\"https:\/\/de-park.com\/es\/ventajas\/\" \/>\n<meta property=\"og:locale\" content=\"es_ES\" \/>\n<meta property=\"og:type\" content=\"article\" \/>\n<meta property=\"og:title\" content=\"DE-PARK \ud83d\ude98 Sistemas de estacionamiento | Nuestro servicio es su ventaja\" \/>\n<meta property=\"og:description\" content=\"Nuestra innovadora tecnolog\u00eda hace que la planificaci\u00f3n, instalaci\u00f3n y operaci\u00f3n de los sistemas de estacionamiento sea m\u00e1s f\u00e1cil y eficiente que nunca \u2705\" \/>\n<meta property=\"og:url\" content=\"https:\/\/de-park.com\/es\/ventajas\/\" \/>\n<meta property=\"og:site_name\" content=\"DE-PARK\" \/>\n<meta property=\"article:modified_time\" content=\"2024-03-14T10:39:33+00:00\" \/>\n<meta property=\"og:image\" content=\"https:\/\/de-park.com\/wp-content\/uploads\/2021\/04\/DE-PARK_Die_Vorteile.jpg\" \/>\n\t<meta property=\"og:image:width\" content=\"944\" \/>\n\t<meta property=\"og:image:height\" content=\"819\" \/>\n\t<meta property=\"og:image:type\" content=\"image\/jpeg\" \/>\n<meta name=\"twitter:card\" content=\"summary_large_image\" \/>\n<script type=\"application\/ld+json\" class=\"yoast-schema-graph\">{\"@context\":\"https:\/\/schema.org\",\"@graph\":[{\"@type\":\"WebPage\",\"@id\":\"https:\/\/de-park.com\/es\/ventajas\/\",\"url\":\"https:\/\/de-park.com\/es\/ventajas\/\",\"name\":\"DE-PARK \ud83d\ude98 Sistemas de estacionamiento | Nuestro servicio es su ventaja\",\"isPartOf\":{\"@id\":\"https:\/\/de-park.com\/#website\"},\"primaryImageOfPage\":{\"@id\":\"https:\/\/de-park.com\/es\/ventajas\/#primaryimage\"},\"image\":{\"@id\":\"https:\/\/de-park.com\/es\/ventajas\/#primaryimage\"},\"thumbnailUrl\":\"https:\/\/de-park.com\/wp-content\/uploads\/2021\/04\/DE-PARK_Die_Vorteile.jpg\",\"datePublished\":\"2022-03-08T13:52:27+00:00\",\"dateModified\":\"2024-03-14T10:39:33+00:00\",\"description\":\"Nuestra innovadora tecnolog\u00eda hace que la planificaci\u00f3n, instalaci\u00f3n y operaci\u00f3n de los sistemas de estacionamiento sea m\u00e1s f\u00e1cil y eficiente que nunca \u2705\",\"breadcrumb\":{\"@id\":\"https:\/\/de-park.com\/es\/ventajas\/#breadcrumb\"},\"inLanguage\":\"es\",\"potentialAction\":[{\"@type\":\"ReadAction\",\"target\":[\"https:\/\/de-park.com\/es\/ventajas\/\"]}]},{\"@type\":\"ImageObject\",\"inLanguage\":\"es\",\"@id\":\"https:\/\/de-park.com\/es\/ventajas\/#primaryimage\",\"url\":\"https:\/\/de-park.com\/wp-content\/uploads\/2021\/04\/DE-PARK_Die_Vorteile.jpg\",\"contentUrl\":\"https:\/\/de-park.com\/wp-content\/uploads\/2021\/04\/DE-PARK_Die_Vorteile.jpg\",\"width\":944,\"height\":819,\"caption\":\"DE-PARK_Las_ventajas_de_nuestros_sistemas de estacionamiento\"},{\"@type\":\"BreadcrumbList\",\"@id\":\"https:\/\/de-park.com\/es\/ventajas\/#breadcrumb\",\"itemListElement\":[{\"@type\":\"ListItem\",\"position\":1,\"name\":\"Home\",\"item\":\"https:\/\/de-park.com\/es\/\"},{\"@type\":\"ListItem\",\"position\":2,\"name\":\"Ventajas\"}]},{\"@type\":\"WebSite\",\"@id\":\"https:\/\/de-park.com\/#website\",\"url\":\"https:\/\/de-park.com\/\",\"name\":\"DE-PARK\",\"description\":\"FASZINIEREND. EINFACH. PARKEN.\",\"publisher\":{\"@id\":\"https:\/\/de-park.com\/#organization\"},\"potentialAction\":[{\"@type\":\"SearchAction\",\"target\":{\"@type\":\"EntryPoint\",\"urlTemplate\":\"https:\/\/de-park.com\/?s={search_term_string}\"},\"query-input\":{\"@type\":\"PropertyValueSpecification\",\"valueRequired\":true,\"valueName\":\"search_term_string\"}}],\"inLanguage\":\"es\"},{\"@type\":\"Organization\",\"@id\":\"https:\/\/de-park.com\/#organization\",\"name\":\"DE PARK\",\"url\":\"https:\/\/de-park.com\/\",\"logo\":{\"@type\":\"ImageObject\",\"inLanguage\":\"es\",\"@id\":\"https:\/\/de-park.com\/#\/schema\/logo\/image\/\",\"url\":\"https:\/\/de-park.com\/wp-content\/uploads\/2021\/08\/DE-PARK_Logo_V2020_ohne-Slogan.png\",\"contentUrl\":\"https:\/\/de-park.com\/wp-content\/uploads\/2021\/08\/DE-PARK_Logo_V2020_ohne-Slogan.png\",\"width\":1311,\"height\":663,\"caption\":\"DE PARK\"},\"image\":{\"@id\":\"https:\/\/de-park.com\/#\/schema\/logo\/image\/\"}}]}<\/script>\n<!-- \/ Yoast SEO plugin. -->","yoast_head_json":{"title":"DE-PARK \ud83d\ude98 Sistemas de estacionamiento | Nuestro servicio es su ventaja","description":"Nuestra innovadora tecnolog\u00eda hace que la planificaci\u00f3n, instalaci\u00f3n y operaci\u00f3n de los sistemas de estacionamiento sea m\u00e1s f\u00e1cil y eficiente que nunca \u2705","robots":{"index":"index","follow":"follow","max-snippet":"max-snippet:-1","max-image-preview":"max-image-preview:large","max-video-preview":"max-video-preview:-1"},"canonical":"https:\/\/de-park.com\/es\/ventajas\/","og_locale":"es_ES","og_type":"article","og_title":"DE-PARK \ud83d\ude98 Sistemas de estacionamiento | Nuestro servicio es su ventaja","og_description":"Nuestra innovadora tecnolog\u00eda hace que la planificaci\u00f3n, instalaci\u00f3n y operaci\u00f3n de los sistemas de estacionamiento sea m\u00e1s f\u00e1cil y eficiente que nunca \u2705","og_url":"https:\/\/de-park.com\/es\/ventajas\/","og_site_name":"DE-PARK","article_modified_time":"2024-03-14T10:39:33+00:00","og_image":[{"width":944,"height":819,"url":"https:\/\/de-park.com\/wp-content\/uploads\/2021\/04\/DE-PARK_Die_Vorteile.jpg","type":"image\/jpeg"}],"twitter_card":"summary_large_image","schema":{"@context":"https:\/\/schema.org","@graph":[{"@type":"WebPage","@id":"https:\/\/de-park.com\/es\/ventajas\/","url":"https:\/\/de-park.com\/es\/ventajas\/","name":"DE-PARK \ud83d\ude98 Sistemas de estacionamiento | Nuestro servicio es su ventaja","isPartOf":{"@id":"https:\/\/de-park.com\/#website"},"primaryImageOfPage":{"@id":"https:\/\/de-park.com\/es\/ventajas\/#primaryimage"},"image":{"@id":"https:\/\/de-park.com\/es\/ventajas\/#primaryimage"},"thumbnailUrl":"https:\/\/de-park.com\/wp-content\/uploads\/2021\/04\/DE-PARK_Die_Vorteile.jpg","datePublished":"2022-03-08T13:52:27+00:00","dateModified":"2024-03-14T10:39:33+00:00","description":"Nuestra innovadora tecnolog\u00eda hace que la planificaci\u00f3n, instalaci\u00f3n y operaci\u00f3n de los sistemas de estacionamiento sea m\u00e1s f\u00e1cil y eficiente que nunca \u2705","breadcrumb":{"@id":"https:\/\/de-park.com\/es\/ventajas\/#breadcrumb"},"inLanguage":"es","potentialAction":[{"@type":"ReadAction","target":["https:\/\/de-park.com\/es\/ventajas\/"]}]},{"@type":"ImageObject","inLanguage":"es","@id":"https:\/\/de-park.com\/es\/ventajas\/#primaryimage","url":"https:\/\/de-park.com\/wp-content\/uploads\/2021\/04\/DE-PARK_Die_Vorteile.jpg","contentUrl":"https:\/\/de-park.com\/wp-content\/uploads\/2021\/04\/DE-PARK_Die_Vorteile.jpg","width":944,"height":819,"caption":"DE-PARK_Las_ventajas_de_nuestros_sistemas de estacionamiento"},{"@type":"BreadcrumbList","@id":"https:\/\/de-park.com\/es\/ventajas\/#breadcrumb","itemListElement":[{"@type":"ListItem","position":1,"name":"Home","item":"https:\/\/de-park.com\/es\/"},{"@type":"ListItem","position":2,"name":"Ventajas"}]},{"@type":"WebSite","@id":"https:\/\/de-park.com\/#website","url":"https:\/\/de-park.com\/","name":"DE-PARK","description":"FASZINIEREND. EINFACH. PARKEN.","publisher":{"@id":"https:\/\/de-park.com\/#organization"},"potentialAction":[{"@type":"SearchAction","target":{"@type":"EntryPoint","urlTemplate":"https:\/\/de-park.com\/?s={search_term_string}"},"query-input":{"@type":"PropertyValueSpecification","valueRequired":true,"valueName":"search_term_string"}}],"inLanguage":"es"},{"@type":"Organization","@id":"https:\/\/de-park.com\/#organization","name":"DE PARK","url":"https:\/\/de-park.com\/","logo":{"@type":"ImageObject","inLanguage":"es","@id":"https:\/\/de-park.com\/#\/schema\/logo\/image\/","url":"https:\/\/de-park.com\/wp-content\/uploads\/2021\/08\/DE-PARK_Logo_V2020_ohne-Slogan.png","contentUrl":"https:\/\/de-park.com\/wp-content\/uploads\/2021\/08\/DE-PARK_Logo_V2020_ohne-Slogan.png","width":1311,"height":663,"caption":"DE PARK"},"image":{"@id":"https:\/\/de-park.com\/#\/schema\/logo\/image\/"}}]}},"_links":{"self":[{"href":"https:\/\/de-park.com\/es\/wp-json\/wp\/v2\/pages\/10041"}],"collection":[{"href":"https:\/\/de-park.com\/es\/wp-json\/wp\/v2\/pages"}],"about":[{"href":"https:\/\/de-park.com\/es\/wp-json\/wp\/v2\/types\/page"}],"author":[{"embeddable":true,"href":"https:\/\/de-park.com\/es\/wp-json\/wp\/v2\/users\/2"}],"replies":[{"embeddable":true,"href":"https:\/\/de-park.com\/es\/wp-json\/wp\/v2\/comments?post=10041"}],"version-history":[{"count":32,"href":"https:\/\/de-park.com\/es\/wp-json\/wp\/v2\/pages\/10041\/revisions"}],"predecessor-version":[{"id":16160,"href":"https:\/\/de-park.com\/es\/wp-json\/wp\/v2\/pages\/10041\/revisions\/16160"}],"wp:featuredmedia":[{"embeddable":true,"href":"https:\/\/de-park.com\/es\/wp-json\/wp\/v2\/media\/9745"}],"wp:attachment":[{"href":"https:\/\/de-park.com\/es\/wp-json\/wp\/v2\/media?parent=10041"}],"curies":[{"name":"wp","href":"https:\/\/api.w.org\/{rel}","templated":true}]}}